{"id":9860,"date":"2021-03-04T18:42:45","date_gmt":"2021-03-04T23:42:45","guid":{"rendered":"https:\/\/movesandflow.com\/product\/chilling-2\/"},"modified":"2023-12-21T00:13:19","modified_gmt":"2023-12-21T05:13:19","slug":"chilling","status":"publish","type":"product","link":"https:\/\/www.movesandflow.com\/fr\/produit\/chilling\/","title":{"rendered":"Refroidissement"},"content":{"rendered":"<div>\n<ul>\n<li>Hauteur \u00e9lev\u00e9e<\/li>\n<li>Ample<\/li>\n<li>Haute intensit\u00e9<\/li>\n<li>\u00c9vacuation de l&#039;humidit\u00e9<\/li>\n<\/ul>\n<\/div>\n<div><img decoding=\"async\" style=\"margin-bottom: 10px;\" src=\"https:\/\/movesandflow.com\/wp-content\/uploads\/2020\/12\/1314-85fadd.jpeg\" \/><\/div>\n<div>\n<p><img loading=\"lazy\" decoding=\"async\" class=\"\" style=\"margin-bottom: 10px;\" src=\"https:\/\/movesandflow.com\/wp-content\/uploads\/2020\/12\/1604-39f816.jpeg\" width=\"490\" height=\"333\" \/>\u00a0 \u00a0 \u00a0<img loading=\"lazy\" decoding=\"async\" class=\"\" style=\"margin-bottom: 10px;\" src=\"https:\/\/movesandflow.com\/wp-content\/uploads\/2020\/12\/1604-8fa74d.jpeg\" width=\"491\" height=\"334\" \/><\/p>\n<\/div>\n<div>\n<p><img loading=\"lazy\" decoding=\"async\" class=\"\" style=\"margin-bottom: 10px;\" src=\"https:\/\/movesandflow.com\/wp-content\/uploads\/2020\/12\/1604-36c20b.jpeg\" width=\"487\" height=\"487\" \/>.\u00a0 \u00a0 \u00a0<img loading=\"lazy\" decoding=\"async\" class=\"\" style=\"margin-bottom: 10px;\" src=\"https:\/\/movesandflow.com\/wp-content\/uploads\/2020\/12\/1604-70db14.jpeg\" width=\"492\" height=\"492\" \/><\/p>\n<\/div>\n<p>&nbsp;<\/p>","protected":false},"excerpt":{"rendered":"<p>Coupe ample \u00e0 taille haute \u00c9vacuation de l&#039;humidit\u00e9 \u00e0 haute intensit\u00e9.\u00a0 \u00a0 \u00a0 &nbsp;<\/p>","protected":false},"featured_media":10583,"comment_status":"open","ping_status":"closed","template":"","meta":[],"product_brand":[],"product_cat":[386,391],"product_tag":[],"class_list":{"0":"post-9860","1":"product","2":"type-product","3":"status-publish","4":"has-post-thumbnail","6":"product_cat-bottoms","7":"product_cat-loose","9":"first","10":"instock","11":"sale","12":"featured","13":"taxable","14":"shipping-taxable","15":"purchasable","16":"product-type-variable"},"yoast_head":"<!-- This site is optimized with the Yoast SEO plugin v27.6 - https:\/\/yoast.com\/product\/yoast-seo-wordpress\/ -->\n<title>Chilling - Moves&amp;Flow<\/title>\n<meta name=\"description\" content=\"Chilling, woman&#039;s active-wear, loose leggings, high rise, loose fit, high intensity, moisture wicking, four way stretch, durable, trendy, comfortable.\" \/>\n<meta name=\"robots\" content=\"index, follow, max-snippet:-1, max-image-preview:large, max-video-preview:-1\" \/>\n<link rel=\"canonical\" href=\"https:\/\/www.movesandflow.com\/fr\/produit\/chilling\/\" \/>\n<meta property=\"og:locale\" content=\"fr_FR\" \/>\n<meta property=\"og:type\" content=\"article\" \/>\n<meta property=\"og:title\" content=\"Chilling - Moves&amp;Flow\" \/>\n<meta property=\"og:description\" content=\"Chilling, woman&#039;s active-wear, loose leggings, high rise, loose fit, high intensity, moisture wicking, four way stretch, durable, trendy, comfortable.\" \/>\n<meta property=\"og:url\" content=\"https:\/\/www.movesandflow.com\/fr\/produit\/chilling\/\" \/>\n<meta property=\"og:site_name\" content=\"Moves&amp;Flow\" \/>\n<meta property=\"article:publisher\" content=\"https:\/\/www.facebook.com\/MovesandFlow\/\" \/>\n<meta property=\"article:modified_time\" content=\"2023-12-21T05:13:19+00:00\" \/>\n<meta property=\"og:image\" content=\"https:\/\/www.movesandflow.com\/wp-content\/uploads\/2021\/03\/9860-a8a553.jpeg\" \/>\n\t<meta property=\"og:image:width\" content=\"740\" \/>\n\t<meta property=\"og:image:height\" content=\"740\" \/>\n\t<meta property=\"og:image:type\" content=\"image\/jpeg\" \/>\n<meta name=\"twitter:card\" content=\"summary_large_image\" \/>\n<meta name=\"twitter:label1\" content=\"Dur\u00e9e de lecture estim\u00e9e\" \/>\n\t<meta name=\"twitter:data1\" content=\"2 minutes\" \/>\n<script type=\"application\/ld+json\" class=\"yoast-schema-graph\">{\"@context\":\"https:\\\/\\\/schema.org\",\"@graph\":[{\"@type\":\"WebPage\",\"@id\":\"https:\\\/\\\/www.movesandflow.com\\\/product\\\/chilling\\\/\",\"url\":\"https:\\\/\\\/www.movesandflow.com\\\/product\\\/chilling\\\/\",\"name\":\"Chilling - Moves&amp;Flow\",\"isPartOf\":{\"@id\":\"https:\\\/\\\/www.movesandflow.com\\\/#website\"},\"primaryImageOfPage\":{\"@id\":\"https:\\\/\\\/www.movesandflow.com\\\/product\\\/chilling\\\/#primaryimage\"},\"image\":{\"@id\":\"https:\\\/\\\/www.movesandflow.com\\\/product\\\/chilling\\\/#primaryimage\"},\"thumbnailUrl\":\"https:\\\/\\\/www.movesandflow.com\\\/wp-content\\\/uploads\\\/2021\\\/03\\\/9860-a8a553.jpeg\",\"datePublished\":\"2021-03-04T23:42:45+00:00\",\"dateModified\":\"2023-12-21T05:13:19+00:00\",\"description\":\"Chilling, woman's active-wear, loose leggings, high rise, loose fit, high intensity, moisture wicking, four way stretch, durable, trendy, comfortable.\",\"breadcrumb\":{\"@id\":\"https:\\\/\\\/www.movesandflow.com\\\/product\\\/chilling\\\/#breadcrumb\"},\"inLanguage\":\"fr-FR\",\"potentialAction\":[{\"@type\":\"ReadAction\",\"target\":[\"https:\\\/\\\/www.movesandflow.com\\\/product\\\/chilling\\\/\"]}]},{\"@type\":\"ImageObject\",\"inLanguage\":\"fr-FR\",\"@id\":\"https:\\\/\\\/www.movesandflow.com\\\/product\\\/chilling\\\/#primaryimage\",\"url\":\"https:\\\/\\\/www.movesandflow.com\\\/wp-content\\\/uploads\\\/2021\\\/03\\\/9860-a8a553.jpeg\",\"contentUrl\":\"https:\\\/\\\/www.movesandflow.com\\\/wp-content\\\/uploads\\\/2021\\\/03\\\/9860-a8a553.jpeg\",\"width\":740,\"height\":740,\"caption\":\"9860-a8a553.jpeg\"},{\"@type\":\"BreadcrumbList\",\"@id\":\"https:\\\/\\\/www.movesandflow.com\\\/product\\\/chilling\\\/#breadcrumb\",\"itemListElement\":[{\"@type\":\"ListItem\",\"position\":1,\"name\":\"Home\",\"item\":\"https:\\\/\\\/www.movesandflow.com\\\/\"},{\"@type\":\"ListItem\",\"position\":2,\"name\":\"Shop\",\"item\":\"https:\\\/\\\/www.movesandflow.com\\\/shop\\\/\"},{\"@type\":\"ListItem\",\"position\":3,\"name\":\"Chilling\"}]},{\"@type\":\"WebSite\",\"@id\":\"https:\\\/\\\/www.movesandflow.com\\\/#website\",\"url\":\"https:\\\/\\\/www.movesandflow.com\\\/\",\"name\":\"Moves&Flow\",\"description\":\"Move mountains, flow like water\",\"publisher\":{\"@id\":\"https:\\\/\\\/www.movesandflow.com\\\/#organization\"},\"potentialAction\":[{\"@type\":\"SearchAction\",\"target\":{\"@type\":\"EntryPoint\",\"urlTemplate\":\"https:\\\/\\\/www.movesandflow.com\\\/?s={search_term_string}\"},\"query-input\":{\"@type\":\"PropertyValueSpecification\",\"valueRequired\":true,\"valueName\":\"search_term_string\"}}],\"inLanguage\":\"fr-FR\"},{\"@type\":\"Organization\",\"@id\":\"https:\\\/\\\/www.movesandflow.com\\\/#organization\",\"name\":\"Moves&Flow\",\"url\":\"https:\\\/\\\/www.movesandflow.com\\\/\",\"logo\":{\"@type\":\"ImageObject\",\"inLanguage\":\"fr-FR\",\"@id\":\"https:\\\/\\\/www.movesandflow.com\\\/#\\\/schema\\\/logo\\\/image\\\/\",\"url\":\"https:\\\/\\\/www.movesandflow.com\\\/wp-content\\\/uploads\\\/2021\\\/06\\\/cropped-App-button-3@4x-1.png\",\"contentUrl\":\"https:\\\/\\\/www.movesandflow.com\\\/wp-content\\\/uploads\\\/2021\\\/06\\\/cropped-App-button-3@4x-1.png\",\"width\":1592,\"height\":1326,\"caption\":\"Moves&Flow\"},\"image\":{\"@id\":\"https:\\\/\\\/www.movesandflow.com\\\/#\\\/schema\\\/logo\\\/image\\\/\"},\"sameAs\":[\"https:\\\/\\\/www.facebook.com\\\/MovesandFlow\\\/\",\"https:\\\/\\\/www.instagram.com\\\/movesnflow\\\/\",\"https:\\\/\\\/www.pinterest.ca\\\/MovesandFlow\\\/\"]}]}<\/script>\n<!-- \/ Yoast SEO plugin. -->","yoast_head_json":{"title":"Chilling - Moves&amp;Flow","description":"Chilling, woman's active-wear, loose leggings, high rise, loose fit, high intensity, moisture wicking, four way stretch, durable, trendy, comfortable.","robots":{"index":"index","follow":"follow","max-snippet":"max-snippet:-1","max-image-preview":"max-image-preview:large","max-video-preview":"max-video-preview:-1"},"canonical":"https:\/\/www.movesandflow.com\/fr\/produit\/chilling\/","og_locale":"fr_FR","og_type":"article","og_title":"Chilling - Moves&amp;Flow","og_description":"Chilling, woman's active-wear, loose leggings, high rise, loose fit, high intensity, moisture wicking, four way stretch, durable, trendy, comfortable.","og_url":"https:\/\/www.movesandflow.com\/fr\/produit\/chilling\/","og_site_name":"Moves&amp;Flow","article_publisher":"https:\/\/www.facebook.com\/MovesandFlow\/","article_modified_time":"2023-12-21T05:13:19+00:00","og_image":[{"width":740,"height":740,"url":"https:\/\/www.movesandflow.com\/wp-content\/uploads\/2021\/03\/9860-a8a553.jpeg","type":"image\/jpeg"}],"twitter_card":"summary_large_image","twitter_misc":{"Dur\u00e9e de lecture estim\u00e9e":"2 minutes"},"schema":{"@context":"https:\/\/schema.org","@graph":[{"@type":"WebPage","@id":"https:\/\/www.movesandflow.com\/product\/chilling\/","url":"https:\/\/www.movesandflow.com\/product\/chilling\/","name":"Chilling - Moves&amp;Flow","isPartOf":{"@id":"https:\/\/www.movesandflow.com\/#website"},"primaryImageOfPage":{"@id":"https:\/\/www.movesandflow.com\/product\/chilling\/#primaryimage"},"image":{"@id":"https:\/\/www.movesandflow.com\/product\/chilling\/#primaryimage"},"thumbnailUrl":"https:\/\/www.movesandflow.com\/wp-content\/uploads\/2021\/03\/9860-a8a553.jpeg","datePublished":"2021-03-04T23:42:45+00:00","dateModified":"2023-12-21T05:13:19+00:00","description":"Chilling, woman's active-wear, loose leggings, high rise, loose fit, high intensity, moisture wicking, four way stretch, durable, trendy, comfortable.","breadcrumb":{"@id":"https:\/\/www.movesandflow.com\/product\/chilling\/#breadcrumb"},"inLanguage":"fr-FR","potentialAction":[{"@type":"ReadAction","target":["https:\/\/www.movesandflow.com\/product\/chilling\/"]}]},{"@type":"ImageObject","inLanguage":"fr-FR","@id":"https:\/\/www.movesandflow.com\/product\/chilling\/#primaryimage","url":"https:\/\/www.movesandflow.com\/wp-content\/uploads\/2021\/03\/9860-a8a553.jpeg","contentUrl":"https:\/\/www.movesandflow.com\/wp-content\/uploads\/2021\/03\/9860-a8a553.jpeg","width":740,"height":740,"caption":"9860-a8a553.jpeg"},{"@type":"BreadcrumbList","@id":"https:\/\/www.movesandflow.com\/product\/chilling\/#breadcrumb","itemListElement":[{"@type":"ListItem","position":1,"name":"Home","item":"https:\/\/www.movesandflow.com\/"},{"@type":"ListItem","position":2,"name":"Shop","item":"https:\/\/www.movesandflow.com\/shop\/"},{"@type":"ListItem","position":3,"name":"Chilling"}]},{"@type":"WebSite","@id":"https:\/\/www.movesandflow.com\/#website","url":"https:\/\/www.movesandflow.com\/","name":"Mouvements et flux","description":"D\u00e9placer les montagnes, couler comme de l&#039;eau","publisher":{"@id":"https:\/\/www.movesandflow.com\/#organization"},"potentialAction":[{"@type":"SearchAction","target":{"@type":"EntryPoint","urlTemplate":"https:\/\/www.movesandflow.com\/?s={search_term_string}"},"query-input":{"@type":"PropertyValueSpecification","valueRequired":true,"valueName":"search_term_string"}}],"inLanguage":"fr-FR"},{"@type":"Organization","@id":"https:\/\/www.movesandflow.com\/#organization","name":"Mouvements et flux","url":"https:\/\/www.movesandflow.com\/","logo":{"@type":"ImageObject","inLanguage":"fr-FR","@id":"https:\/\/www.movesandflow.com\/#\/schema\/logo\/image\/","url":"https:\/\/www.movesandflow.com\/wp-content\/uploads\/2021\/06\/cropped-App-button-3@4x-1.png","contentUrl":"https:\/\/www.movesandflow.com\/wp-content\/uploads\/2021\/06\/cropped-App-button-3@4x-1.png","width":1592,"height":1326,"caption":"Moves&Flow"},"image":{"@id":"https:\/\/www.movesandflow.com\/#\/schema\/logo\/image\/"},"sameAs":["https:\/\/www.facebook.com\/MovesandFlow\/","https:\/\/www.instagram.com\/movesnflow\/","https:\/\/www.pinterest.ca\/MovesandFlow\/"]}]}},"jetpack_sharing_enabled":true,"_links":{"self":[{"href":"https:\/\/www.movesandflow.com\/fr\/wp-json\/wp\/v2\/product\/9860","targetHints":{"allow":["GET"]}}],"collection":[{"href":"https:\/\/www.movesandflow.com\/fr\/wp-json\/wp\/v2\/product"}],"about":[{"href":"https:\/\/www.movesandflow.com\/fr\/wp-json\/wp\/v2\/types\/product"}],"replies":[{"embeddable":true,"href":"https:\/\/www.movesandflow.com\/fr\/wp-json\/wp\/v2\/comments?post=9860"}],"wp:featuredmedia":[{"embeddable":true,"href":"https:\/\/www.movesandflow.com\/fr\/wp-json\/wp\/v2\/media\/10583"}],"wp:attachment":[{"href":"https:\/\/www.movesandflow.com\/fr\/wp-json\/wp\/v2\/media?parent=9860"}],"wp:term":[{"taxonomy":"product_brand","embeddable":true,"href":"https:\/\/www.movesandflow.com\/fr\/wp-json\/wp\/v2\/product_brand?post=9860"},{"taxonomy":"product_cat","embeddable":true,"href":"https:\/\/www.movesandflow.com\/fr\/wp-json\/wp\/v2\/product_cat?post=9860"},{"taxonomy":"product_tag","embeddable":true,"href":"https:\/\/www.movesandflow.com\/fr\/wp-json\/wp\/v2\/product_tag?post=9860"}],"curies":[{"name":"wp","href":"https:\/\/api.w.org\/{rel}","templated":true}]}}