{"id":9437,"date":"2021-03-04T17:54:42","date_gmt":"2021-03-04T22:54:42","guid":{"rendered":"https:\/\/movesandflow.com\/product\/lockedin-2\/"},"modified":"2023-12-19T20:36:56","modified_gmt":"2023-12-20T01:36:56","slug":"lockedin","status":"publish","type":"product","link":"https:\/\/www.movesandflow.com\/fr\/produit\/lockedin\/","title":{"rendered":"Enferm\u00e9 dans"},"content":{"rendered":"<ul>\n<li>Impact faible \u00e0 moyen<\/li>\n<li>Coupe extensible<\/li>\n<li>\u00c9vacuation de l&#039;humidit\u00e9<\/li>\n<li>Haut court<\/li>\n<\/ul>\n<div><img decoding=\"async\" style=\"margin-bottom: 10px\" src=\"https:\/\/movesandflow.com\/wp-content\/uploads\/2020\/12\/1314-85fadd.jpeg\" \/><\/div>\n<div>\n<p><img decoding=\"async\" class=\"\" style=\"width: 391px;height: 307px\" src=\"https:\/\/movesandflow.com\/wp-content\/uploads\/2020\/12\/4176-abf8f2.jpeg\" \/> <img decoding=\"async\" class=\"\" style=\"width: 391px;height: 304px\" src=\"https:\/\/movesandflow.com\/wp-content\/uploads\/2020\/12\/4176-154f7c.jpeg\" \/><br \/>\n<img loading=\"lazy\" decoding=\"async\" class=\"\" src=\"https:\/\/movesandflow.com\/wp-content\/uploads\/2021\/03\/H23e29e5d57cc4d9d950e6bc885e0d1ebP.jpg\" width=\"391\" height=\"367\" \/><\/p>\n<\/div>","protected":false},"excerpt":{"rendered":"<p>Crop-top \u00e9vacuant l&#039;humidit\u00e9 \u00e0 coupe extensible et \u00e0 impact faible-moyen<\/p>","protected":false},"featured_media":9417,"comment_status":"open","ping_status":"closed","template":"","meta":[],"product_brand":[],"product_cat":[33,385],"product_tag":[],"class_list":{"0":"post-9437","1":"product","2":"type-product","3":"status-publish","4":"has-post-thumbnail","6":"product_cat-tops","7":"product_cat-tank-tops","9":"first","10":"outofstock","11":"taxable","12":"shipping-taxable","13":"purchasable","14":"product-type-variable"},"yoast_head":"<!-- This site is optimized with the Yoast SEO plugin v27.6 - https:\/\/yoast.com\/product\/yoast-seo-wordpress\/ -->\n<title>Lockedin - Moves&amp;Flow<\/title>\n<meta name=\"description\" content=\"Lockedin woman&#039;s tank-top designed for low - medium impact activity, four way stretch fit, moves with your body, moisture wicking, crop-top, durable, trendy extremely comfortable.\" \/>\n<meta name=\"robots\" content=\"index, follow, max-snippet:-1, max-image-preview:large, max-video-preview:-1\" \/>\n<link rel=\"canonical\" href=\"https:\/\/www.movesandflow.com\/fr\/produit\/lockedin\/\" \/>\n<meta property=\"og:locale\" content=\"fr_FR\" \/>\n<meta property=\"og:type\" content=\"article\" \/>\n<meta property=\"og:title\" content=\"Lockedin - Moves&amp;Flow\" \/>\n<meta property=\"og:description\" content=\"Lockedin woman&#039;s tank-top designed for low - medium impact activity, four way stretch fit, moves with your body, moisture wicking, crop-top, durable, trendy extremely comfortable.\" \/>\n<meta property=\"og:url\" content=\"https:\/\/www.movesandflow.com\/fr\/produit\/lockedin\/\" \/>\n<meta property=\"og:site_name\" content=\"Moves&amp;Flow\" \/>\n<meta property=\"article:publisher\" content=\"https:\/\/www.facebook.com\/MovesandFlow\/\" \/>\n<meta property=\"article:modified_time\" content=\"2023-12-20T01:36:56+00:00\" \/>\n<meta property=\"og:image\" content=\"https:\/\/www.movesandflow.com\/wp-content\/uploads\/2021\/03\/H4dfb7baaf039483d90cb38b87d7bc87as.jpg\" \/>\n\t<meta property=\"og:image:width\" content=\"750\" \/>\n\t<meta property=\"og:image:height\" content=\"870\" \/>\n\t<meta property=\"og:image:type\" content=\"image\/jpeg\" \/>\n<meta name=\"twitter:card\" content=\"summary_large_image\" \/>\n<meta name=\"twitter:label1\" content=\"Dur\u00e9e de lecture estim\u00e9e\" \/>\n\t<meta name=\"twitter:data1\" content=\"1 minute\" \/>\n<script type=\"application\/ld+json\" class=\"yoast-schema-graph\">{\"@context\":\"https:\\\/\\\/schema.org\",\"@graph\":[{\"@type\":\"WebPage\",\"@id\":\"https:\\\/\\\/www.movesandflow.com\\\/product\\\/lockedin\\\/\",\"url\":\"https:\\\/\\\/www.movesandflow.com\\\/product\\\/lockedin\\\/\",\"name\":\"Lockedin - Moves&amp;Flow\",\"isPartOf\":{\"@id\":\"https:\\\/\\\/www.movesandflow.com\\\/#website\"},\"primaryImageOfPage\":{\"@id\":\"https:\\\/\\\/www.movesandflow.com\\\/product\\\/lockedin\\\/#primaryimage\"},\"image\":{\"@id\":\"https:\\\/\\\/www.movesandflow.com\\\/product\\\/lockedin\\\/#primaryimage\"},\"thumbnailUrl\":\"https:\\\/\\\/www.movesandflow.com\\\/wp-content\\\/uploads\\\/2021\\\/03\\\/H4dfb7baaf039483d90cb38b87d7bc87as.jpg\",\"datePublished\":\"2021-03-04T22:54:42+00:00\",\"dateModified\":\"2023-12-20T01:36:56+00:00\",\"description\":\"Lockedin woman's tank-top designed for low - medium impact activity, four way stretch fit, moves with your body, moisture wicking, crop-top, durable, trendy extremely comfortable.\",\"breadcrumb\":{\"@id\":\"https:\\\/\\\/www.movesandflow.com\\\/product\\\/lockedin\\\/#breadcrumb\"},\"inLanguage\":\"fr-FR\",\"potentialAction\":[{\"@type\":\"ReadAction\",\"target\":[\"https:\\\/\\\/www.movesandflow.com\\\/product\\\/lockedin\\\/\"]}]},{\"@type\":\"ImageObject\",\"inLanguage\":\"fr-FR\",\"@id\":\"https:\\\/\\\/www.movesandflow.com\\\/product\\\/lockedin\\\/#primaryimage\",\"url\":\"https:\\\/\\\/www.movesandflow.com\\\/wp-content\\\/uploads\\\/2021\\\/03\\\/H4dfb7baaf039483d90cb38b87d7bc87as.jpg\",\"contentUrl\":\"https:\\\/\\\/www.movesandflow.com\\\/wp-content\\\/uploads\\\/2021\\\/03\\\/H4dfb7baaf039483d90cb38b87d7bc87as.jpg\",\"width\":750,\"height\":870,\"caption\":\"Lockedin 2\"},{\"@type\":\"BreadcrumbList\",\"@id\":\"https:\\\/\\\/www.movesandflow.com\\\/product\\\/lockedin\\\/#breadcrumb\",\"itemListElement\":[{\"@type\":\"ListItem\",\"position\":1,\"name\":\"Home\",\"item\":\"https:\\\/\\\/www.movesandflow.com\\\/\"},{\"@type\":\"ListItem\",\"position\":2,\"name\":\"Shop\",\"item\":\"https:\\\/\\\/www.movesandflow.com\\\/shop\\\/\"},{\"@type\":\"ListItem\",\"position\":3,\"name\":\"Lockedin\"}]},{\"@type\":\"WebSite\",\"@id\":\"https:\\\/\\\/www.movesandflow.com\\\/#website\",\"url\":\"https:\\\/\\\/www.movesandflow.com\\\/\",\"name\":\"Moves&Flow\",\"description\":\"Move mountains, flow like water\",\"publisher\":{\"@id\":\"https:\\\/\\\/www.movesandflow.com\\\/#organization\"},\"potentialAction\":[{\"@type\":\"SearchAction\",\"target\":{\"@type\":\"EntryPoint\",\"urlTemplate\":\"https:\\\/\\\/www.movesandflow.com\\\/?s={search_term_string}\"},\"query-input\":{\"@type\":\"PropertyValueSpecification\",\"valueRequired\":true,\"valueName\":\"search_term_string\"}}],\"inLanguage\":\"fr-FR\"},{\"@type\":\"Organization\",\"@id\":\"https:\\\/\\\/www.movesandflow.com\\\/#organization\",\"name\":\"Moves&Flow\",\"url\":\"https:\\\/\\\/www.movesandflow.com\\\/\",\"logo\":{\"@type\":\"ImageObject\",\"inLanguage\":\"fr-FR\",\"@id\":\"https:\\\/\\\/www.movesandflow.com\\\/#\\\/schema\\\/logo\\\/image\\\/\",\"url\":\"https:\\\/\\\/www.movesandflow.com\\\/wp-content\\\/uploads\\\/2021\\\/06\\\/cropped-App-button-3@4x-1.png\",\"contentUrl\":\"https:\\\/\\\/www.movesandflow.com\\\/wp-content\\\/uploads\\\/2021\\\/06\\\/cropped-App-button-3@4x-1.png\",\"width\":1592,\"height\":1326,\"caption\":\"Moves&Flow\"},\"image\":{\"@id\":\"https:\\\/\\\/www.movesandflow.com\\\/#\\\/schema\\\/logo\\\/image\\\/\"},\"sameAs\":[\"https:\\\/\\\/www.facebook.com\\\/MovesandFlow\\\/\",\"https:\\\/\\\/www.instagram.com\\\/movesnflow\\\/\",\"https:\\\/\\\/www.pinterest.ca\\\/MovesandFlow\\\/\"]}]}<\/script>\n<!-- \/ Yoast SEO plugin. -->","yoast_head_json":{"title":"Lockedin - Moves&amp;Flow","description":"Lockedin woman's tank-top designed for low - medium impact activity, four way stretch fit, moves with your body, moisture wicking, crop-top, durable, trendy extremely comfortable.","robots":{"index":"index","follow":"follow","max-snippet":"max-snippet:-1","max-image-preview":"max-image-preview:large","max-video-preview":"max-video-preview:-1"},"canonical":"https:\/\/www.movesandflow.com\/fr\/produit\/lockedin\/","og_locale":"fr_FR","og_type":"article","og_title":"Lockedin - Moves&amp;Flow","og_description":"Lockedin woman's tank-top designed for low - medium impact activity, four way stretch fit, moves with your body, moisture wicking, crop-top, durable, trendy extremely comfortable.","og_url":"https:\/\/www.movesandflow.com\/fr\/produit\/lockedin\/","og_site_name":"Moves&amp;Flow","article_publisher":"https:\/\/www.facebook.com\/MovesandFlow\/","article_modified_time":"2023-12-20T01:36:56+00:00","og_image":[{"width":750,"height":870,"url":"https:\/\/www.movesandflow.com\/wp-content\/uploads\/2021\/03\/H4dfb7baaf039483d90cb38b87d7bc87as.jpg","type":"image\/jpeg"}],"twitter_card":"summary_large_image","twitter_misc":{"Dur\u00e9e de lecture estim\u00e9e":"1 minute"},"schema":{"@context":"https:\/\/schema.org","@graph":[{"@type":"WebPage","@id":"https:\/\/www.movesandflow.com\/product\/lockedin\/","url":"https:\/\/www.movesandflow.com\/product\/lockedin\/","name":"Lockedin - Moves&amp;Flow","isPartOf":{"@id":"https:\/\/www.movesandflow.com\/#website"},"primaryImageOfPage":{"@id":"https:\/\/www.movesandflow.com\/product\/lockedin\/#primaryimage"},"image":{"@id":"https:\/\/www.movesandflow.com\/product\/lockedin\/#primaryimage"},"thumbnailUrl":"https:\/\/www.movesandflow.com\/wp-content\/uploads\/2021\/03\/H4dfb7baaf039483d90cb38b87d7bc87as.jpg","datePublished":"2021-03-04T22:54:42+00:00","dateModified":"2023-12-20T01:36:56+00:00","description":"Lockedin woman's tank-top designed for low - medium impact activity, four way stretch fit, moves with your body, moisture wicking, crop-top, durable, trendy extremely comfortable.","breadcrumb":{"@id":"https:\/\/www.movesandflow.com\/product\/lockedin\/#breadcrumb"},"inLanguage":"fr-FR","potentialAction":[{"@type":"ReadAction","target":["https:\/\/www.movesandflow.com\/product\/lockedin\/"]}]},{"@type":"ImageObject","inLanguage":"fr-FR","@id":"https:\/\/www.movesandflow.com\/product\/lockedin\/#primaryimage","url":"https:\/\/www.movesandflow.com\/wp-content\/uploads\/2021\/03\/H4dfb7baaf039483d90cb38b87d7bc87as.jpg","contentUrl":"https:\/\/www.movesandflow.com\/wp-content\/uploads\/2021\/03\/H4dfb7baaf039483d90cb38b87d7bc87as.jpg","width":750,"height":870,"caption":"Lockedin 2"},{"@type":"BreadcrumbList","@id":"https:\/\/www.movesandflow.com\/product\/lockedin\/#breadcrumb","itemListElement":[{"@type":"ListItem","position":1,"name":"Home","item":"https:\/\/www.movesandflow.com\/"},{"@type":"ListItem","position":2,"name":"Shop","item":"https:\/\/www.movesandflow.com\/shop\/"},{"@type":"ListItem","position":3,"name":"Lockedin"}]},{"@type":"WebSite","@id":"https:\/\/www.movesandflow.com\/#website","url":"https:\/\/www.movesandflow.com\/","name":"Mouvements et flux","description":"D\u00e9placer les montagnes, couler comme de l&#039;eau","publisher":{"@id":"https:\/\/www.movesandflow.com\/#organization"},"potentialAction":[{"@type":"SearchAction","target":{"@type":"EntryPoint","urlTemplate":"https:\/\/www.movesandflow.com\/?s={search_term_string}"},"query-input":{"@type":"PropertyValueSpecification","valueRequired":true,"valueName":"search_term_string"}}],"inLanguage":"fr-FR"},{"@type":"Organization","@id":"https:\/\/www.movesandflow.com\/#organization","name":"Mouvements et flux","url":"https:\/\/www.movesandflow.com\/","logo":{"@type":"ImageObject","inLanguage":"fr-FR","@id":"https:\/\/www.movesandflow.com\/#\/schema\/logo\/image\/","url":"https:\/\/www.movesandflow.com\/wp-content\/uploads\/2021\/06\/cropped-App-button-3@4x-1.png","contentUrl":"https:\/\/www.movesandflow.com\/wp-content\/uploads\/2021\/06\/cropped-App-button-3@4x-1.png","width":1592,"height":1326,"caption":"Moves&Flow"},"image":{"@id":"https:\/\/www.movesandflow.com\/#\/schema\/logo\/image\/"},"sameAs":["https:\/\/www.facebook.com\/MovesandFlow\/","https:\/\/www.instagram.com\/movesnflow\/","https:\/\/www.pinterest.ca\/MovesandFlow\/"]}]}},"jetpack_sharing_enabled":true,"_links":{"self":[{"href":"https:\/\/www.movesandflow.com\/fr\/wp-json\/wp\/v2\/product\/9437","targetHints":{"allow":["GET"]}}],"collection":[{"href":"https:\/\/www.movesandflow.com\/fr\/wp-json\/wp\/v2\/product"}],"about":[{"href":"https:\/\/www.movesandflow.com\/fr\/wp-json\/wp\/v2\/types\/product"}],"replies":[{"embeddable":true,"href":"https:\/\/www.movesandflow.com\/fr\/wp-json\/wp\/v2\/comments?post=9437"}],"wp:featuredmedia":[{"embeddable":true,"href":"https:\/\/www.movesandflow.com\/fr\/wp-json\/wp\/v2\/media\/9417"}],"wp:attachment":[{"href":"https:\/\/www.movesandflow.com\/fr\/wp-json\/wp\/v2\/media?parent=9437"}],"wp:term":[{"taxonomy":"product_brand","embeddable":true,"href":"https:\/\/www.movesandflow.com\/fr\/wp-json\/wp\/v2\/product_brand?post=9437"},{"taxonomy":"product_cat","embeddable":true,"href":"https:\/\/www.movesandflow.com\/fr\/wp-json\/wp\/v2\/product_cat?post=9437"},{"taxonomy":"product_tag","embeddable":true,"href":"https:\/\/www.movesandflow.com\/fr\/wp-json\/wp\/v2\/product_tag?post=9437"}],"curies":[{"name":"wp","href":"https:\/\/api.w.org\/{rel}","templated":true}]}}