{"id":9084,"date":"2021-02-24T18:28:50","date_gmt":"2021-02-24T23:28:50","guid":{"rendered":"https:\/\/movesandflow.com\/product\/new-bra-eddy\/"},"modified":"2023-04-23T09:04:33","modified_gmt":"2023-04-23T14:04:33","slug":"zero_gravity","status":"publish","type":"product","link":"https:\/\/www.movesandflow.com\/fr\/produit\/zero_gravity\/","title":{"rendered":"Gravit\u00e9 z\u00e9ro"},"content":{"rendered":"<div>\n<ul>\n<li>Impact moyen \u00e0 \u00e9lev\u00e9<\/li>\n<li>Large ceinture<\/li>\n<li>Ajustements des crochets et des yeux<\/li>\n<li>Respirant<\/li>\n<li>\u00c9vacuation de l&#039;humidit\u00e9<\/li>\n<\/ul>\n<\/div>\n<div><img decoding=\"async\" src=\"https:\/\/i1.wp.com\/movesandflow.com\/wp-content\/uploads\/2020\/12\/1314-85fadd.jpeg?w=1020&amp;ssl=1\" \/>.<\/div>\n<div><img loading=\"lazy\" decoding=\"async\" class=\"alignnone size-medium wp-image-12634\" src=\"https:\/\/www.movesandflow.com\/wp-content\/uploads\/2021\/02\/ZerGravDET01-462x400.jpg\" alt=\"\" width=\"462\" height=\"400\" srcset=\"https:\/\/www.movesandflow.com\/wp-content\/uploads\/2021\/02\/ZerGravDET01-462x400.jpg 462w, https:\/\/www.movesandflow.com\/wp-content\/uploads\/2021\/02\/ZerGravDET01-510x442.jpg 510w, https:\/\/www.movesandflow.com\/wp-content\/uploads\/2021\/02\/ZerGravDET01.jpg 750w\" sizes=\"auto, (max-width: 462px) 100vw, 462px\" \/><\/div>","protected":false},"excerpt":{"rendered":"<p>Impact moyen \u00e0 \u00e9lev\u00e9 Large ceinture Ajustements par crochet et \u0153illet Respirant Evacuation de l&#039;humidit\u00e9 .<\/p>","protected":false},"featured_media":12633,"comment_status":"open","ping_status":"closed","template":"","meta":[],"product_brand":[],"product_cat":[33,146],"product_tag":[],"class_list":{"0":"post-9084","1":"product","2":"type-product","3":"status-publish","4":"has-post-thumbnail","6":"product_cat-tops","7":"product_cat-active-bras","9":"first","10":"outofstock","11":"taxable","12":"shipping-taxable","13":"purchasable","14":"product-type-variable"},"yoast_head":"<!-- This site is optimized with the Yoast SEO plugin v27.6 - https:\/\/yoast.com\/product\/yoast-seo-wordpress\/ -->\n<title>Zero Gravity - Moves&amp;Flow<\/title>\n<meta name=\"description\" content=\"High Intensity sports bras are design for medium to high impact activities, large waistband, breathable, moisture wicking, durable, four way stretch, trendy.\" \/>\n<meta name=\"robots\" content=\"index, follow, max-snippet:-1, max-image-preview:large, max-video-preview:-1\" \/>\n<link rel=\"canonical\" href=\"https:\/\/www.movesandflow.com\/fr\/produit\/zero_gravity\/\" \/>\n<meta property=\"og:locale\" content=\"fr_FR\" \/>\n<meta property=\"og:type\" content=\"article\" \/>\n<meta property=\"og:title\" content=\"Zero Gravity - Moves&amp;Flow\" \/>\n<meta property=\"og:description\" content=\"High Intensity sports bras are design for medium to high impact activities, large waistband, breathable, moisture wicking, durable, four way stretch, trendy.\" \/>\n<meta property=\"og:url\" content=\"https:\/\/www.movesandflow.com\/fr\/produit\/zero_gravity\/\" \/>\n<meta property=\"og:site_name\" content=\"Moves&amp;Flow\" \/>\n<meta property=\"article:publisher\" content=\"https:\/\/www.facebook.com\/MovesandFlow\/\" \/>\n<meta property=\"article:modified_time\" content=\"2023-04-23T14:04:33+00:00\" \/>\n<meta property=\"og:image\" content=\"https:\/\/www.movesandflow.com\/wp-content\/uploads\/2021\/02\/ZerGravWht01.jpg\" \/>\n\t<meta property=\"og:image:width\" content=\"878\" \/>\n\t<meta property=\"og:image:height\" content=\"878\" \/>\n\t<meta property=\"og:image:type\" content=\"image\/jpeg\" \/>\n<meta name=\"twitter:card\" content=\"summary_large_image\" \/>\n<meta name=\"twitter:label1\" content=\"Dur\u00e9e de lecture estim\u00e9e\" \/>\n\t<meta name=\"twitter:data1\" content=\"1 minute\" \/>\n<script type=\"application\/ld+json\" class=\"yoast-schema-graph\">{\"@context\":\"https:\\\/\\\/schema.org\",\"@graph\":[{\"@type\":\"WebPage\",\"@id\":\"https:\\\/\\\/www.movesandflow.com\\\/product\\\/zero_gravity\\\/\",\"url\":\"https:\\\/\\\/www.movesandflow.com\\\/product\\\/zero_gravity\\\/\",\"name\":\"Zero Gravity - Moves&amp;Flow\",\"isPartOf\":{\"@id\":\"https:\\\/\\\/www.movesandflow.com\\\/#website\"},\"primaryImageOfPage\":{\"@id\":\"https:\\\/\\\/www.movesandflow.com\\\/product\\\/zero_gravity\\\/#primaryimage\"},\"image\":{\"@id\":\"https:\\\/\\\/www.movesandflow.com\\\/product\\\/zero_gravity\\\/#primaryimage\"},\"thumbnailUrl\":\"https:\\\/\\\/www.movesandflow.com\\\/wp-content\\\/uploads\\\/2021\\\/02\\\/ZerGravWht01.jpg\",\"datePublished\":\"2021-02-24T23:28:50+00:00\",\"dateModified\":\"2023-04-23T14:04:33+00:00\",\"description\":\"High Intensity sports bras are design for medium to high impact activities, large waistband, breathable, moisture wicking, durable, four way stretch, trendy.\",\"breadcrumb\":{\"@id\":\"https:\\\/\\\/www.movesandflow.com\\\/product\\\/zero_gravity\\\/#breadcrumb\"},\"inLanguage\":\"fr-FR\",\"potentialAction\":[{\"@type\":\"ReadAction\",\"target\":[\"https:\\\/\\\/www.movesandflow.com\\\/product\\\/zero_gravity\\\/\"]}]},{\"@type\":\"ImageObject\",\"inLanguage\":\"fr-FR\",\"@id\":\"https:\\\/\\\/www.movesandflow.com\\\/product\\\/zero_gravity\\\/#primaryimage\",\"url\":\"https:\\\/\\\/www.movesandflow.com\\\/wp-content\\\/uploads\\\/2021\\\/02\\\/ZerGravWht01.jpg\",\"contentUrl\":\"https:\\\/\\\/www.movesandflow.com\\\/wp-content\\\/uploads\\\/2021\\\/02\\\/ZerGravWht01.jpg\",\"width\":878,\"height\":878},{\"@type\":\"BreadcrumbList\",\"@id\":\"https:\\\/\\\/www.movesandflow.com\\\/product\\\/zero_gravity\\\/#breadcrumb\",\"itemListElement\":[{\"@type\":\"ListItem\",\"position\":1,\"name\":\"Home\",\"item\":\"https:\\\/\\\/www.movesandflow.com\\\/\"},{\"@type\":\"ListItem\",\"position\":2,\"name\":\"Shop\",\"item\":\"https:\\\/\\\/www.movesandflow.com\\\/shop\\\/\"},{\"@type\":\"ListItem\",\"position\":3,\"name\":\"Zero Gravity\"}]},{\"@type\":\"WebSite\",\"@id\":\"https:\\\/\\\/www.movesandflow.com\\\/#website\",\"url\":\"https:\\\/\\\/www.movesandflow.com\\\/\",\"name\":\"Moves&Flow\",\"description\":\"Move mountains, flow like water\",\"publisher\":{\"@id\":\"https:\\\/\\\/www.movesandflow.com\\\/#organization\"},\"potentialAction\":[{\"@type\":\"SearchAction\",\"target\":{\"@type\":\"EntryPoint\",\"urlTemplate\":\"https:\\\/\\\/www.movesandflow.com\\\/?s={search_term_string}\"},\"query-input\":{\"@type\":\"PropertyValueSpecification\",\"valueRequired\":true,\"valueName\":\"search_term_string\"}}],\"inLanguage\":\"fr-FR\"},{\"@type\":\"Organization\",\"@id\":\"https:\\\/\\\/www.movesandflow.com\\\/#organization\",\"name\":\"Moves&Flow\",\"url\":\"https:\\\/\\\/www.movesandflow.com\\\/\",\"logo\":{\"@type\":\"ImageObject\",\"inLanguage\":\"fr-FR\",\"@id\":\"https:\\\/\\\/www.movesandflow.com\\\/#\\\/schema\\\/logo\\\/image\\\/\",\"url\":\"https:\\\/\\\/www.movesandflow.com\\\/wp-content\\\/uploads\\\/2021\\\/06\\\/cropped-App-button-3@4x-1.png\",\"contentUrl\":\"https:\\\/\\\/www.movesandflow.com\\\/wp-content\\\/uploads\\\/2021\\\/06\\\/cropped-App-button-3@4x-1.png\",\"width\":1592,\"height\":1326,\"caption\":\"Moves&Flow\"},\"image\":{\"@id\":\"https:\\\/\\\/www.movesandflow.com\\\/#\\\/schema\\\/logo\\\/image\\\/\"},\"sameAs\":[\"https:\\\/\\\/www.facebook.com\\\/MovesandFlow\\\/\",\"https:\\\/\\\/www.instagram.com\\\/movesnflow\\\/\",\"https:\\\/\\\/www.pinterest.ca\\\/MovesandFlow\\\/\"]}]}<\/script>\n<!-- \/ Yoast SEO plugin. -->","yoast_head_json":{"title":"Zero Gravity - Moves&amp;Flow","description":"High Intensity sports bras are design for medium to high impact activities, large waistband, breathable, moisture wicking, durable, four way stretch, trendy.","robots":{"index":"index","follow":"follow","max-snippet":"max-snippet:-1","max-image-preview":"max-image-preview:large","max-video-preview":"max-video-preview:-1"},"canonical":"https:\/\/www.movesandflow.com\/fr\/produit\/zero_gravity\/","og_locale":"fr_FR","og_type":"article","og_title":"Zero Gravity - Moves&amp;Flow","og_description":"High Intensity sports bras are design for medium to high impact activities, large waistband, breathable, moisture wicking, durable, four way stretch, trendy.","og_url":"https:\/\/www.movesandflow.com\/fr\/produit\/zero_gravity\/","og_site_name":"Moves&amp;Flow","article_publisher":"https:\/\/www.facebook.com\/MovesandFlow\/","article_modified_time":"2023-04-23T14:04:33+00:00","og_image":[{"width":878,"height":878,"url":"https:\/\/www.movesandflow.com\/wp-content\/uploads\/2021\/02\/ZerGravWht01.jpg","type":"image\/jpeg"}],"twitter_card":"summary_large_image","twitter_misc":{"Dur\u00e9e de lecture estim\u00e9e":"1 minute"},"schema":{"@context":"https:\/\/schema.org","@graph":[{"@type":"WebPage","@id":"https:\/\/www.movesandflow.com\/product\/zero_gravity\/","url":"https:\/\/www.movesandflow.com\/product\/zero_gravity\/","name":"Zero Gravity - Moves&amp;Flow","isPartOf":{"@id":"https:\/\/www.movesandflow.com\/#website"},"primaryImageOfPage":{"@id":"https:\/\/www.movesandflow.com\/product\/zero_gravity\/#primaryimage"},"image":{"@id":"https:\/\/www.movesandflow.com\/product\/zero_gravity\/#primaryimage"},"thumbnailUrl":"https:\/\/www.movesandflow.com\/wp-content\/uploads\/2021\/02\/ZerGravWht01.jpg","datePublished":"2021-02-24T23:28:50+00:00","dateModified":"2023-04-23T14:04:33+00:00","description":"High Intensity sports bras are design for medium to high impact activities, large waistband, breathable, moisture wicking, durable, four way stretch, trendy.","breadcrumb":{"@id":"https:\/\/www.movesandflow.com\/product\/zero_gravity\/#breadcrumb"},"inLanguage":"fr-FR","potentialAction":[{"@type":"ReadAction","target":["https:\/\/www.movesandflow.com\/product\/zero_gravity\/"]}]},{"@type":"ImageObject","inLanguage":"fr-FR","@id":"https:\/\/www.movesandflow.com\/product\/zero_gravity\/#primaryimage","url":"https:\/\/www.movesandflow.com\/wp-content\/uploads\/2021\/02\/ZerGravWht01.jpg","contentUrl":"https:\/\/www.movesandflow.com\/wp-content\/uploads\/2021\/02\/ZerGravWht01.jpg","width":878,"height":878},{"@type":"BreadcrumbList","@id":"https:\/\/www.movesandflow.com\/product\/zero_gravity\/#breadcrumb","itemListElement":[{"@type":"ListItem","position":1,"name":"Home","item":"https:\/\/www.movesandflow.com\/"},{"@type":"ListItem","position":2,"name":"Shop","item":"https:\/\/www.movesandflow.com\/shop\/"},{"@type":"ListItem","position":3,"name":"Zero Gravity"}]},{"@type":"WebSite","@id":"https:\/\/www.movesandflow.com\/#website","url":"https:\/\/www.movesandflow.com\/","name":"Mouvements et flux","description":"D\u00e9placer les montagnes, couler comme de l&#039;eau","publisher":{"@id":"https:\/\/www.movesandflow.com\/#organization"},"potentialAction":[{"@type":"SearchAction","target":{"@type":"EntryPoint","urlTemplate":"https:\/\/www.movesandflow.com\/?s={search_term_string}"},"query-input":{"@type":"PropertyValueSpecification","valueRequired":true,"valueName":"search_term_string"}}],"inLanguage":"fr-FR"},{"@type":"Organization","@id":"https:\/\/www.movesandflow.com\/#organization","name":"Mouvements et flux","url":"https:\/\/www.movesandflow.com\/","logo":{"@type":"ImageObject","inLanguage":"fr-FR","@id":"https:\/\/www.movesandflow.com\/#\/schema\/logo\/image\/","url":"https:\/\/www.movesandflow.com\/wp-content\/uploads\/2021\/06\/cropped-App-button-3@4x-1.png","contentUrl":"https:\/\/www.movesandflow.com\/wp-content\/uploads\/2021\/06\/cropped-App-button-3@4x-1.png","width":1592,"height":1326,"caption":"Moves&Flow"},"image":{"@id":"https:\/\/www.movesandflow.com\/#\/schema\/logo\/image\/"},"sameAs":["https:\/\/www.facebook.com\/MovesandFlow\/","https:\/\/www.instagram.com\/movesnflow\/","https:\/\/www.pinterest.ca\/MovesandFlow\/"]}]}},"jetpack_sharing_enabled":true,"_links":{"self":[{"href":"https:\/\/www.movesandflow.com\/fr\/wp-json\/wp\/v2\/product\/9084","targetHints":{"allow":["GET"]}}],"collection":[{"href":"https:\/\/www.movesandflow.com\/fr\/wp-json\/wp\/v2\/product"}],"about":[{"href":"https:\/\/www.movesandflow.com\/fr\/wp-json\/wp\/v2\/types\/product"}],"replies":[{"embeddable":true,"href":"https:\/\/www.movesandflow.com\/fr\/wp-json\/wp\/v2\/comments?post=9084"}],"wp:featuredmedia":[{"embeddable":true,"href":"https:\/\/www.movesandflow.com\/fr\/wp-json\/wp\/v2\/media\/12633"}],"wp:attachment":[{"href":"https:\/\/www.movesandflow.com\/fr\/wp-json\/wp\/v2\/media?parent=9084"}],"wp:term":[{"taxonomy":"product_brand","embeddable":true,"href":"https:\/\/www.movesandflow.com\/fr\/wp-json\/wp\/v2\/product_brand?post=9084"},{"taxonomy":"product_cat","embeddable":true,"href":"https:\/\/www.movesandflow.com\/fr\/wp-json\/wp\/v2\/product_cat?post=9084"},{"taxonomy":"product_tag","embeddable":true,"href":"https:\/\/www.movesandflow.com\/fr\/wp-json\/wp\/v2\/product_tag?post=9084"}],"curies":[{"name":"wp","href":"https:\/\/api.w.org\/{rel}","templated":true}]}}