{"id":8266,"date":"2021-02-19T18:14:12","date_gmt":"2021-02-19T23:14:12","guid":{"rendered":"https:\/\/movesandflow.com\/product\/the-shining-2\/"},"modified":"2024-07-11T14:32:25","modified_gmt":"2024-07-11T19:32:25","slug":"the-shining","status":"publish","type":"product","link":"https:\/\/www.movesandflow.com\/fr\/produit\/the-shining\/","title":{"rendered":"Le brillant"},"content":{"rendered":"<ul>\n<li>Taille haute<\/li>\n<li>Compressif<\/li>\n<li>Haute intensit\u00e9<\/li>\n<li>\u00c9vacuation de l&#039;humidit\u00e9<\/li>\n<\/ul>\n<p><img decoding=\"async\" style=\"margin-bottom: 10px;\" src=\"https:\/\/movesandflow.com\/wp-content\/uploads\/2020\/12\/1314-85fadd.jpeg\" \/><\/p>\n<p><img loading=\"lazy\" decoding=\"async\" class=\"\" src=\"https:\/\/movesandflow.com\/wp-content\/uploads\/2021\/02\/H94f5095074a8464398a351f05234c43fC.jpg\" width=\"494\" height=\"512\" \/><\/p>","protected":false},"excerpt":{"rendered":"<p>\u00c9vacuation de l&#039;humidit\u00e9 \u00e0 haute intensit\u00e9 de compression \u00e0 taille haute<\/p>","protected":false},"featured_media":8257,"comment_status":"open","ping_status":"closed","template":"","meta":[],"product_brand":[],"product_cat":[386,68],"product_tag":[],"class_list":{"0":"post-8266","1":"product","2":"type-product","3":"status-publish","4":"has-post-thumbnail","6":"product_cat-bottoms","7":"product_cat-leggings","9":"first","10":"instock","11":"sale","12":"taxable","13":"shipping-taxable","14":"purchasable","15":"product-type-variable"},"yoast_head":"<!-- This site is optimized with the Yoast SEO plugin v27.6 - https:\/\/yoast.com\/product\/yoast-seo-wordpress\/ -->\n<title>The Shining - Moves&amp;Flow<\/title>\n<meta name=\"description\" content=\"The Shining, woman&#039;s leggings, high waist, compressive, high intensity support fabric, moisture wicking, durable, trendy, four way stretch.\" \/>\n<meta name=\"robots\" content=\"index, follow, max-snippet:-1, max-image-preview:large, max-video-preview:-1\" \/>\n<link rel=\"canonical\" href=\"https:\/\/www.movesandflow.com\/fr\/produit\/the-shining\/\" \/>\n<meta property=\"og:locale\" content=\"fr_FR\" \/>\n<meta property=\"og:type\" content=\"article\" \/>\n<meta property=\"og:title\" content=\"The Shining - Moves&amp;Flow\" \/>\n<meta property=\"og:description\" content=\"The Shining, woman&#039;s leggings, high waist, compressive, high intensity support fabric, moisture wicking, durable, trendy, four way stretch.\" \/>\n<meta property=\"og:url\" content=\"https:\/\/www.movesandflow.com\/fr\/produit\/the-shining\/\" \/>\n<meta property=\"og:site_name\" content=\"Moves&amp;Flow\" \/>\n<meta property=\"article:publisher\" content=\"https:\/\/www.facebook.com\/MovesandFlow\/\" \/>\n<meta property=\"article:modified_time\" content=\"2024-07-11T19:32:25+00:00\" \/>\n<meta property=\"og:image\" content=\"https:\/\/www.movesandflow.com\/wp-content\/uploads\/2021\/02\/H5794518ee93c44c3987b606a466d7545M.jpg\" \/>\n\t<meta property=\"og:image:width\" content=\"750\" \/>\n\t<meta property=\"og:image:height\" content=\"750\" \/>\n\t<meta property=\"og:image:type\" content=\"image\/jpeg\" \/>\n<meta name=\"twitter:card\" content=\"summary_large_image\" \/>\n<meta name=\"twitter:label1\" content=\"Dur\u00e9e de lecture estim\u00e9e\" \/>\n\t<meta name=\"twitter:data1\" content=\"1 minute\" \/>\n<script type=\"application\/ld+json\" class=\"yoast-schema-graph\">{\"@context\":\"https:\\\/\\\/schema.org\",\"@graph\":[{\"@type\":\"WebPage\",\"@id\":\"https:\\\/\\\/www.movesandflow.com\\\/product\\\/the-shining\\\/\",\"url\":\"https:\\\/\\\/www.movesandflow.com\\\/product\\\/the-shining\\\/\",\"name\":\"The Shining - Moves&amp;Flow\",\"isPartOf\":{\"@id\":\"https:\\\/\\\/www.movesandflow.com\\\/#website\"},\"primaryImageOfPage\":{\"@id\":\"https:\\\/\\\/www.movesandflow.com\\\/product\\\/the-shining\\\/#primaryimage\"},\"image\":{\"@id\":\"https:\\\/\\\/www.movesandflow.com\\\/product\\\/the-shining\\\/#primaryimage\"},\"thumbnailUrl\":\"https:\\\/\\\/www.movesandflow.com\\\/wp-content\\\/uploads\\\/2021\\\/02\\\/H5794518ee93c44c3987b606a466d7545M.jpg\",\"datePublished\":\"2021-02-19T23:14:12+00:00\",\"dateModified\":\"2024-07-11T19:32:25+00:00\",\"description\":\"The Shining, woman's leggings, high waist, compressive, high intensity support fabric, moisture wicking, durable, trendy, four way stretch.\",\"breadcrumb\":{\"@id\":\"https:\\\/\\\/www.movesandflow.com\\\/product\\\/the-shining\\\/#breadcrumb\"},\"inLanguage\":\"fr-FR\",\"potentialAction\":[{\"@type\":\"ReadAction\",\"target\":[\"https:\\\/\\\/www.movesandflow.com\\\/product\\\/the-shining\\\/\"]}]},{\"@type\":\"ImageObject\",\"inLanguage\":\"fr-FR\",\"@id\":\"https:\\\/\\\/www.movesandflow.com\\\/product\\\/the-shining\\\/#primaryimage\",\"url\":\"https:\\\/\\\/www.movesandflow.com\\\/wp-content\\\/uploads\\\/2021\\\/02\\\/H5794518ee93c44c3987b606a466d7545M.jpg\",\"contentUrl\":\"https:\\\/\\\/www.movesandflow.com\\\/wp-content\\\/uploads\\\/2021\\\/02\\\/H5794518ee93c44c3987b606a466d7545M.jpg\",\"width\":750,\"height\":750,\"caption\":\"The Shining 2\"},{\"@type\":\"BreadcrumbList\",\"@id\":\"https:\\\/\\\/www.movesandflow.com\\\/product\\\/the-shining\\\/#breadcrumb\",\"itemListElement\":[{\"@type\":\"ListItem\",\"position\":1,\"name\":\"Home\",\"item\":\"https:\\\/\\\/www.movesandflow.com\\\/\"},{\"@type\":\"ListItem\",\"position\":2,\"name\":\"Shop\",\"item\":\"https:\\\/\\\/www.movesandflow.com\\\/shop\\\/\"},{\"@type\":\"ListItem\",\"position\":3,\"name\":\"The Shining\"}]},{\"@type\":\"WebSite\",\"@id\":\"https:\\\/\\\/www.movesandflow.com\\\/#website\",\"url\":\"https:\\\/\\\/www.movesandflow.com\\\/\",\"name\":\"Moves&Flow\",\"description\":\"Move mountains, flow like water\",\"publisher\":{\"@id\":\"https:\\\/\\\/www.movesandflow.com\\\/#organization\"},\"potentialAction\":[{\"@type\":\"SearchAction\",\"target\":{\"@type\":\"EntryPoint\",\"urlTemplate\":\"https:\\\/\\\/www.movesandflow.com\\\/?s={search_term_string}\"},\"query-input\":{\"@type\":\"PropertyValueSpecification\",\"valueRequired\":true,\"valueName\":\"search_term_string\"}}],\"inLanguage\":\"fr-FR\"},{\"@type\":\"Organization\",\"@id\":\"https:\\\/\\\/www.movesandflow.com\\\/#organization\",\"name\":\"Moves&Flow\",\"url\":\"https:\\\/\\\/www.movesandflow.com\\\/\",\"logo\":{\"@type\":\"ImageObject\",\"inLanguage\":\"fr-FR\",\"@id\":\"https:\\\/\\\/www.movesandflow.com\\\/#\\\/schema\\\/logo\\\/image\\\/\",\"url\":\"https:\\\/\\\/www.movesandflow.com\\\/wp-content\\\/uploads\\\/2021\\\/06\\\/cropped-App-button-3@4x-1.png\",\"contentUrl\":\"https:\\\/\\\/www.movesandflow.com\\\/wp-content\\\/uploads\\\/2021\\\/06\\\/cropped-App-button-3@4x-1.png\",\"width\":1592,\"height\":1326,\"caption\":\"Moves&Flow\"},\"image\":{\"@id\":\"https:\\\/\\\/www.movesandflow.com\\\/#\\\/schema\\\/logo\\\/image\\\/\"},\"sameAs\":[\"https:\\\/\\\/www.facebook.com\\\/MovesandFlow\\\/\",\"https:\\\/\\\/www.instagram.com\\\/movesnflow\\\/\",\"https:\\\/\\\/www.pinterest.ca\\\/MovesandFlow\\\/\"]}]}<\/script>\n<!-- \/ Yoast SEO plugin. -->","yoast_head_json":{"title":"The Shining - Moves&amp;Flow","description":"The Shining, woman's leggings, high waist, compressive, high intensity support fabric, moisture wicking, durable, trendy, four way stretch.","robots":{"index":"index","follow":"follow","max-snippet":"max-snippet:-1","max-image-preview":"max-image-preview:large","max-video-preview":"max-video-preview:-1"},"canonical":"https:\/\/www.movesandflow.com\/fr\/produit\/the-shining\/","og_locale":"fr_FR","og_type":"article","og_title":"The Shining - Moves&amp;Flow","og_description":"The Shining, woman's leggings, high waist, compressive, high intensity support fabric, moisture wicking, durable, trendy, four way stretch.","og_url":"https:\/\/www.movesandflow.com\/fr\/produit\/the-shining\/","og_site_name":"Moves&amp;Flow","article_publisher":"https:\/\/www.facebook.com\/MovesandFlow\/","article_modified_time":"2024-07-11T19:32:25+00:00","og_image":[{"width":750,"height":750,"url":"https:\/\/www.movesandflow.com\/wp-content\/uploads\/2021\/02\/H5794518ee93c44c3987b606a466d7545M.jpg","type":"image\/jpeg"}],"twitter_card":"summary_large_image","twitter_misc":{"Dur\u00e9e de lecture estim\u00e9e":"1 minute"},"schema":{"@context":"https:\/\/schema.org","@graph":[{"@type":"WebPage","@id":"https:\/\/www.movesandflow.com\/product\/the-shining\/","url":"https:\/\/www.movesandflow.com\/product\/the-shining\/","name":"The Shining - Moves&amp;Flow","isPartOf":{"@id":"https:\/\/www.movesandflow.com\/#website"},"primaryImageOfPage":{"@id":"https:\/\/www.movesandflow.com\/product\/the-shining\/#primaryimage"},"image":{"@id":"https:\/\/www.movesandflow.com\/product\/the-shining\/#primaryimage"},"thumbnailUrl":"https:\/\/www.movesandflow.com\/wp-content\/uploads\/2021\/02\/H5794518ee93c44c3987b606a466d7545M.jpg","datePublished":"2021-02-19T23:14:12+00:00","dateModified":"2024-07-11T19:32:25+00:00","description":"The Shining, woman's leggings, high waist, compressive, high intensity support fabric, moisture wicking, durable, trendy, four way stretch.","breadcrumb":{"@id":"https:\/\/www.movesandflow.com\/product\/the-shining\/#breadcrumb"},"inLanguage":"fr-FR","potentialAction":[{"@type":"ReadAction","target":["https:\/\/www.movesandflow.com\/product\/the-shining\/"]}]},{"@type":"ImageObject","inLanguage":"fr-FR","@id":"https:\/\/www.movesandflow.com\/product\/the-shining\/#primaryimage","url":"https:\/\/www.movesandflow.com\/wp-content\/uploads\/2021\/02\/H5794518ee93c44c3987b606a466d7545M.jpg","contentUrl":"https:\/\/www.movesandflow.com\/wp-content\/uploads\/2021\/02\/H5794518ee93c44c3987b606a466d7545M.jpg","width":750,"height":750,"caption":"The Shining 2"},{"@type":"BreadcrumbList","@id":"https:\/\/www.movesandflow.com\/product\/the-shining\/#breadcrumb","itemListElement":[{"@type":"ListItem","position":1,"name":"Home","item":"https:\/\/www.movesandflow.com\/"},{"@type":"ListItem","position":2,"name":"Shop","item":"https:\/\/www.movesandflow.com\/shop\/"},{"@type":"ListItem","position":3,"name":"The Shining"}]},{"@type":"WebSite","@id":"https:\/\/www.movesandflow.com\/#website","url":"https:\/\/www.movesandflow.com\/","name":"Mouvements et flux","description":"D\u00e9placer les montagnes, couler comme de l&#039;eau","publisher":{"@id":"https:\/\/www.movesandflow.com\/#organization"},"potentialAction":[{"@type":"SearchAction","target":{"@type":"EntryPoint","urlTemplate":"https:\/\/www.movesandflow.com\/?s={search_term_string}"},"query-input":{"@type":"PropertyValueSpecification","valueRequired":true,"valueName":"search_term_string"}}],"inLanguage":"fr-FR"},{"@type":"Organization","@id":"https:\/\/www.movesandflow.com\/#organization","name":"Mouvements et flux","url":"https:\/\/www.movesandflow.com\/","logo":{"@type":"ImageObject","inLanguage":"fr-FR","@id":"https:\/\/www.movesandflow.com\/#\/schema\/logo\/image\/","url":"https:\/\/www.movesandflow.com\/wp-content\/uploads\/2021\/06\/cropped-App-button-3@4x-1.png","contentUrl":"https:\/\/www.movesandflow.com\/wp-content\/uploads\/2021\/06\/cropped-App-button-3@4x-1.png","width":1592,"height":1326,"caption":"Moves&Flow"},"image":{"@id":"https:\/\/www.movesandflow.com\/#\/schema\/logo\/image\/"},"sameAs":["https:\/\/www.facebook.com\/MovesandFlow\/","https:\/\/www.instagram.com\/movesnflow\/","https:\/\/www.pinterest.ca\/MovesandFlow\/"]}]}},"jetpack_sharing_enabled":true,"_links":{"self":[{"href":"https:\/\/www.movesandflow.com\/fr\/wp-json\/wp\/v2\/product\/8266","targetHints":{"allow":["GET"]}}],"collection":[{"href":"https:\/\/www.movesandflow.com\/fr\/wp-json\/wp\/v2\/product"}],"about":[{"href":"https:\/\/www.movesandflow.com\/fr\/wp-json\/wp\/v2\/types\/product"}],"replies":[{"embeddable":true,"href":"https:\/\/www.movesandflow.com\/fr\/wp-json\/wp\/v2\/comments?post=8266"}],"wp:featuredmedia":[{"embeddable":true,"href":"https:\/\/www.movesandflow.com\/fr\/wp-json\/wp\/v2\/media\/8257"}],"wp:attachment":[{"href":"https:\/\/www.movesandflow.com\/fr\/wp-json\/wp\/v2\/media?parent=8266"}],"wp:term":[{"taxonomy":"product_brand","embeddable":true,"href":"https:\/\/www.movesandflow.com\/fr\/wp-json\/wp\/v2\/product_brand?post=8266"},{"taxonomy":"product_cat","embeddable":true,"href":"https:\/\/www.movesandflow.com\/fr\/wp-json\/wp\/v2\/product_cat?post=8266"},{"taxonomy":"product_tag","embeddable":true,"href":"https:\/\/www.movesandflow.com\/fr\/wp-json\/wp\/v2\/product_tag?post=8266"}],"curies":[{"name":"wp","href":"https:\/\/api.w.org\/{rel}","templated":true}]}}