{"id":7366,"date":"2021-02-15T14:59:38","date_gmt":"2021-02-15T19:59:38","guid":{"rendered":"https:\/\/movesandflow.com\/product\/2020-hot-shorts-sexy-sports-shorts-quick-dry-breathable-slim-high-waist-lift-hip-running-yoga-fitness-shorts-leggings\/"},"modified":"2023-06-01T16:48:21","modified_gmt":"2023-06-01T21:48:21","slug":"unoticed","status":"publish","type":"product","link":"https:\/\/www.movesandflow.com\/fr\/produit\/unoticed\/","title":{"rendered":"Inaper\u00e7u"},"content":{"rendered":"<div id=\"ali-anchor-AliPostDhMb-t7tkr\" class=\"mceSectionContainer\" style=\"padding-top: 8px;\" data-section=\"AliPostDhMb-t7tkr\" data-section-title=\"Product Description\">\n<div style=\"padding: 10px 0;\">\n<ul>\n<li>Taille haute<\/li>\n<li>Coupe extensible<\/li>\n<li>\u00c9vacuation de l&#039;humidit\u00e9<\/li>\n<li>Short de yoga<\/li>\n<\/ul>\n<p><img decoding=\"async\" style=\"margin-bottom: 10px;\" src=\"https:\/\/movesandflow.com\/wp-content\/uploads\/2020\/12\/1314-85fadd.jpeg\" \/><\/p>\n<p><img decoding=\"async\" src=\"https:\/\/movesandflow.com\/wp-content\/uploads\/2021\/02\/7366-ac74d5.jpeg\" alt=\"2020 hot shorts sexy sports shorts quick dry breathable slim high waist lift hip running Yoga Fitness shorts Leggings\" \/><\/p>\n<\/div>\n<\/div>","protected":false},"excerpt":{"rendered":"<p>Short de yoga extensible \u00e0 taille haute qui \u00e9vacue l&#039;humidit\u00e9<\/p>","protected":false},"featured_media":7544,"comment_status":"open","ping_status":"closed","template":"","meta":[],"product_brand":[],"product_cat":[386,107],"product_tag":[],"class_list":{"0":"post-7366","1":"product","2":"type-product","3":"status-publish","4":"has-post-thumbnail","6":"product_cat-bottoms","7":"product_cat-shorts","9":"first","10":"instock","11":"sale","12":"taxable","13":"shipping-taxable","14":"purchasable","15":"product-type-variable"},"yoast_head":"<!-- This site is optimized with the Yoast SEO plugin v27.6 - https:\/\/yoast.com\/product\/yoast-seo-wordpress\/ -->\n<title>Unoticed - Moves&amp;Flow<\/title>\n<meta name=\"description\" content=\"Unoticed, high rise,high impact, four way stretch, moisture wicking, yoga shorts, durable, trendy, pleasant active-wear.\" \/>\n<meta name=\"robots\" content=\"index, follow, max-snippet:-1, max-image-preview:large, max-video-preview:-1\" \/>\n<link rel=\"canonical\" href=\"https:\/\/www.movesandflow.com\/fr\/produit\/unoticed\/\" \/>\n<meta property=\"og:locale\" content=\"fr_FR\" \/>\n<meta property=\"og:type\" content=\"article\" \/>\n<meta property=\"og:title\" content=\"Unoticed - Moves&amp;Flow\" \/>\n<meta property=\"og:description\" content=\"Unoticed, high rise,high impact, four way stretch, moisture wicking, yoga shorts, durable, trendy, pleasant active-wear.\" \/>\n<meta property=\"og:url\" content=\"https:\/\/www.movesandflow.com\/fr\/produit\/unoticed\/\" \/>\n<meta property=\"og:site_name\" content=\"Moves&amp;Flow\" \/>\n<meta property=\"article:publisher\" content=\"https:\/\/www.facebook.com\/MovesandFlow\/\" \/>\n<meta property=\"article:modified_time\" content=\"2023-06-01T21:48:21+00:00\" \/>\n<meta property=\"og:image\" content=\"https:\/\/www.movesandflow.com\/wp-content\/uploads\/2021\/02\/7366-6e677f.jpeg\" \/>\n\t<meta property=\"og:image:width\" content=\"750\" \/>\n\t<meta property=\"og:image:height\" content=\"750\" \/>\n\t<meta property=\"og:image:type\" content=\"image\/jpeg\" \/>\n<meta name=\"twitter:card\" content=\"summary_large_image\" \/>\n<meta name=\"twitter:label1\" content=\"Dur\u00e9e de lecture estim\u00e9e\" \/>\n\t<meta name=\"twitter:data1\" content=\"1 minute\" \/>\n<script type=\"application\/ld+json\" class=\"yoast-schema-graph\">{\"@context\":\"https:\\\/\\\/schema.org\",\"@graph\":[{\"@type\":\"WebPage\",\"@id\":\"https:\\\/\\\/www.movesandflow.com\\\/product\\\/unoticed\\\/\",\"url\":\"https:\\\/\\\/www.movesandflow.com\\\/product\\\/unoticed\\\/\",\"name\":\"Unoticed - Moves&amp;Flow\",\"isPartOf\":{\"@id\":\"https:\\\/\\\/www.movesandflow.com\\\/#website\"},\"primaryImageOfPage\":{\"@id\":\"https:\\\/\\\/www.movesandflow.com\\\/product\\\/unoticed\\\/#primaryimage\"},\"image\":{\"@id\":\"https:\\\/\\\/www.movesandflow.com\\\/product\\\/unoticed\\\/#primaryimage\"},\"thumbnailUrl\":\"https:\\\/\\\/www.movesandflow.com\\\/wp-content\\\/uploads\\\/2021\\\/02\\\/7366-6e677f.jpeg\",\"datePublished\":\"2021-02-15T19:59:38+00:00\",\"dateModified\":\"2023-06-01T21:48:21+00:00\",\"description\":\"Unoticed, high rise,high impact, four way stretch, moisture wicking, yoga shorts, durable, trendy, pleasant active-wear.\",\"breadcrumb\":{\"@id\":\"https:\\\/\\\/www.movesandflow.com\\\/product\\\/unoticed\\\/#breadcrumb\"},\"inLanguage\":\"fr-FR\",\"potentialAction\":[{\"@type\":\"ReadAction\",\"target\":[\"https:\\\/\\\/www.movesandflow.com\\\/product\\\/unoticed\\\/\"]}]},{\"@type\":\"ImageObject\",\"inLanguage\":\"fr-FR\",\"@id\":\"https:\\\/\\\/www.movesandflow.com\\\/product\\\/unoticed\\\/#primaryimage\",\"url\":\"https:\\\/\\\/www.movesandflow.com\\\/wp-content\\\/uploads\\\/2021\\\/02\\\/7366-6e677f.jpeg\",\"contentUrl\":\"https:\\\/\\\/www.movesandflow.com\\\/wp-content\\\/uploads\\\/2021\\\/02\\\/7366-6e677f.jpeg\",\"width\":750,\"height\":750,\"caption\":\"7366-6e677f.jpeg\"},{\"@type\":\"BreadcrumbList\",\"@id\":\"https:\\\/\\\/www.movesandflow.com\\\/product\\\/unoticed\\\/#breadcrumb\",\"itemListElement\":[{\"@type\":\"ListItem\",\"position\":1,\"name\":\"Home\",\"item\":\"https:\\\/\\\/www.movesandflow.com\\\/\"},{\"@type\":\"ListItem\",\"position\":2,\"name\":\"Shop\",\"item\":\"https:\\\/\\\/www.movesandflow.com\\\/shop\\\/\"},{\"@type\":\"ListItem\",\"position\":3,\"name\":\"Unoticed\"}]},{\"@type\":\"WebSite\",\"@id\":\"https:\\\/\\\/www.movesandflow.com\\\/#website\",\"url\":\"https:\\\/\\\/www.movesandflow.com\\\/\",\"name\":\"Moves&Flow\",\"description\":\"Move mountains, flow like water\",\"publisher\":{\"@id\":\"https:\\\/\\\/www.movesandflow.com\\\/#organization\"},\"potentialAction\":[{\"@type\":\"SearchAction\",\"target\":{\"@type\":\"EntryPoint\",\"urlTemplate\":\"https:\\\/\\\/www.movesandflow.com\\\/?s={search_term_string}\"},\"query-input\":{\"@type\":\"PropertyValueSpecification\",\"valueRequired\":true,\"valueName\":\"search_term_string\"}}],\"inLanguage\":\"fr-FR\"},{\"@type\":\"Organization\",\"@id\":\"https:\\\/\\\/www.movesandflow.com\\\/#organization\",\"name\":\"Moves&Flow\",\"url\":\"https:\\\/\\\/www.movesandflow.com\\\/\",\"logo\":{\"@type\":\"ImageObject\",\"inLanguage\":\"fr-FR\",\"@id\":\"https:\\\/\\\/www.movesandflow.com\\\/#\\\/schema\\\/logo\\\/image\\\/\",\"url\":\"https:\\\/\\\/www.movesandflow.com\\\/wp-content\\\/uploads\\\/2021\\\/06\\\/cropped-App-button-3@4x-1.png\",\"contentUrl\":\"https:\\\/\\\/www.movesandflow.com\\\/wp-content\\\/uploads\\\/2021\\\/06\\\/cropped-App-button-3@4x-1.png\",\"width\":1592,\"height\":1326,\"caption\":\"Moves&Flow\"},\"image\":{\"@id\":\"https:\\\/\\\/www.movesandflow.com\\\/#\\\/schema\\\/logo\\\/image\\\/\"},\"sameAs\":[\"https:\\\/\\\/www.facebook.com\\\/MovesandFlow\\\/\",\"https:\\\/\\\/www.instagram.com\\\/movesnflow\\\/\",\"https:\\\/\\\/www.pinterest.ca\\\/MovesandFlow\\\/\"]}]}<\/script>\n<!-- \/ Yoast SEO plugin. -->","yoast_head_json":{"title":"Unoticed - Moves&amp;Flow","description":"Unoticed, high rise,high impact, four way stretch, moisture wicking, yoga shorts, durable, trendy, pleasant active-wear.","robots":{"index":"index","follow":"follow","max-snippet":"max-snippet:-1","max-image-preview":"max-image-preview:large","max-video-preview":"max-video-preview:-1"},"canonical":"https:\/\/www.movesandflow.com\/fr\/produit\/unoticed\/","og_locale":"fr_FR","og_type":"article","og_title":"Unoticed - Moves&amp;Flow","og_description":"Unoticed, high rise,high impact, four way stretch, moisture wicking, yoga shorts, durable, trendy, pleasant active-wear.","og_url":"https:\/\/www.movesandflow.com\/fr\/produit\/unoticed\/","og_site_name":"Moves&amp;Flow","article_publisher":"https:\/\/www.facebook.com\/MovesandFlow\/","article_modified_time":"2023-06-01T21:48:21+00:00","og_image":[{"width":750,"height":750,"url":"https:\/\/www.movesandflow.com\/wp-content\/uploads\/2021\/02\/7366-6e677f.jpeg","type":"image\/jpeg"}],"twitter_card":"summary_large_image","twitter_misc":{"Dur\u00e9e de lecture estim\u00e9e":"1 minute"},"schema":{"@context":"https:\/\/schema.org","@graph":[{"@type":"WebPage","@id":"https:\/\/www.movesandflow.com\/product\/unoticed\/","url":"https:\/\/www.movesandflow.com\/product\/unoticed\/","name":"Unoticed - Moves&amp;Flow","isPartOf":{"@id":"https:\/\/www.movesandflow.com\/#website"},"primaryImageOfPage":{"@id":"https:\/\/www.movesandflow.com\/product\/unoticed\/#primaryimage"},"image":{"@id":"https:\/\/www.movesandflow.com\/product\/unoticed\/#primaryimage"},"thumbnailUrl":"https:\/\/www.movesandflow.com\/wp-content\/uploads\/2021\/02\/7366-6e677f.jpeg","datePublished":"2021-02-15T19:59:38+00:00","dateModified":"2023-06-01T21:48:21+00:00","description":"Unoticed, high rise,high impact, four way stretch, moisture wicking, yoga shorts, durable, trendy, pleasant active-wear.","breadcrumb":{"@id":"https:\/\/www.movesandflow.com\/product\/unoticed\/#breadcrumb"},"inLanguage":"fr-FR","potentialAction":[{"@type":"ReadAction","target":["https:\/\/www.movesandflow.com\/product\/unoticed\/"]}]},{"@type":"ImageObject","inLanguage":"fr-FR","@id":"https:\/\/www.movesandflow.com\/product\/unoticed\/#primaryimage","url":"https:\/\/www.movesandflow.com\/wp-content\/uploads\/2021\/02\/7366-6e677f.jpeg","contentUrl":"https:\/\/www.movesandflow.com\/wp-content\/uploads\/2021\/02\/7366-6e677f.jpeg","width":750,"height":750,"caption":"7366-6e677f.jpeg"},{"@type":"BreadcrumbList","@id":"https:\/\/www.movesandflow.com\/product\/unoticed\/#breadcrumb","itemListElement":[{"@type":"ListItem","position":1,"name":"Home","item":"https:\/\/www.movesandflow.com\/"},{"@type":"ListItem","position":2,"name":"Shop","item":"https:\/\/www.movesandflow.com\/shop\/"},{"@type":"ListItem","position":3,"name":"Unoticed"}]},{"@type":"WebSite","@id":"https:\/\/www.movesandflow.com\/#website","url":"https:\/\/www.movesandflow.com\/","name":"Mouvements et flux","description":"D\u00e9placer les montagnes, couler comme de l&#039;eau","publisher":{"@id":"https:\/\/www.movesandflow.com\/#organization"},"potentialAction":[{"@type":"SearchAction","target":{"@type":"EntryPoint","urlTemplate":"https:\/\/www.movesandflow.com\/?s={search_term_string}"},"query-input":{"@type":"PropertyValueSpecification","valueRequired":true,"valueName":"search_term_string"}}],"inLanguage":"fr-FR"},{"@type":"Organization","@id":"https:\/\/www.movesandflow.com\/#organization","name":"Mouvements et flux","url":"https:\/\/www.movesandflow.com\/","logo":{"@type":"ImageObject","inLanguage":"fr-FR","@id":"https:\/\/www.movesandflow.com\/#\/schema\/logo\/image\/","url":"https:\/\/www.movesandflow.com\/wp-content\/uploads\/2021\/06\/cropped-App-button-3@4x-1.png","contentUrl":"https:\/\/www.movesandflow.com\/wp-content\/uploads\/2021\/06\/cropped-App-button-3@4x-1.png","width":1592,"height":1326,"caption":"Moves&Flow"},"image":{"@id":"https:\/\/www.movesandflow.com\/#\/schema\/logo\/image\/"},"sameAs":["https:\/\/www.facebook.com\/MovesandFlow\/","https:\/\/www.instagram.com\/movesnflow\/","https:\/\/www.pinterest.ca\/MovesandFlow\/"]}]}},"jetpack_sharing_enabled":true,"_links":{"self":[{"href":"https:\/\/www.movesandflow.com\/fr\/wp-json\/wp\/v2\/product\/7366","targetHints":{"allow":["GET"]}}],"collection":[{"href":"https:\/\/www.movesandflow.com\/fr\/wp-json\/wp\/v2\/product"}],"about":[{"href":"https:\/\/www.movesandflow.com\/fr\/wp-json\/wp\/v2\/types\/product"}],"replies":[{"embeddable":true,"href":"https:\/\/www.movesandflow.com\/fr\/wp-json\/wp\/v2\/comments?post=7366"}],"wp:featuredmedia":[{"embeddable":true,"href":"https:\/\/www.movesandflow.com\/fr\/wp-json\/wp\/v2\/media\/7544"}],"wp:attachment":[{"href":"https:\/\/www.movesandflow.com\/fr\/wp-json\/wp\/v2\/media?parent=7366"}],"wp:term":[{"taxonomy":"product_brand","embeddable":true,"href":"https:\/\/www.movesandflow.com\/fr\/wp-json\/wp\/v2\/product_brand?post=7366"},{"taxonomy":"product_cat","embeddable":true,"href":"https:\/\/www.movesandflow.com\/fr\/wp-json\/wp\/v2\/product_cat?post=7366"},{"taxonomy":"product_tag","embeddable":true,"href":"https:\/\/www.movesandflow.com\/fr\/wp-json\/wp\/v2\/product_tag?post=7366"}],"curies":[{"name":"wp","href":"https:\/\/api.w.org\/{rel}","templated":true}]}}