{"id":7235,"date":"2021-02-15T12:34:50","date_gmt":"2021-02-15T17:34:50","guid":{"rendered":"https:\/\/movesandflow.com\/product\/high-waist-lifting-hip-fitness-double-layer-sand-brushed-slim-body-pants-high-waist-sport-leggings-short-sleeve-yoga-top\/"},"modified":"2024-07-04T04:53:33","modified_gmt":"2024-07-04T09:53:33","slug":"breezy","status":"publish","type":"product","link":"https:\/\/www.movesandflow.com\/fr\/produit\/breezy\/","title":{"rendered":"Frais"},"content":{"rendered":"<ul>\n<li>Hauteur \u00e9lev\u00e9e<\/li>\n<li>Coupe extensible<\/li>\n<li>\u00c9vacuation de l&#039;humidit\u00e9<\/li>\n<\/ul>\n<div id=\"detail_decorate_root\" data-host=\"111218246\" data-id=\"detail_decorate_root\" data-magic-global=\"%7B%22bizId%22%3A2207256800379%2C%22pageId%22%3A20038074165%2C%22siteId%22%3A5006165025%7D\">\n<div class=\"J_module\">\n<div data-section=\"AliMagic-71bgji\" data-section-title=\"HOT SALE\"><img decoding=\"async\" src=\"https:\/\/i1.wp.com\/movesandflow.com\/wp-content\/uploads\/2020\/12\/1314-85fadd.jpeg?w=1020&amp;ssl=1\" \/><\/div>\n<div data-section=\"AliMagic-71bgji\" data-section-title=\"HOT SALE\"><\/div>\n<\/div>\n<div class=\"J_module\">\n<div class=\"ife-detail-decorate-table\"><img loading=\"lazy\" decoding=\"async\" class=\"magic-7\" src=\"https:\/\/movesandflow.com\/wp-content\/uploads\/2021\/03\/7235-6af903.jpeg\" width=\"481\" height=\"295\" \/> \u00a0<img loading=\"lazy\" decoding=\"async\" class=\"magic-7\" src=\"https:\/\/movesandflow.com\/wp-content\/uploads\/2021\/03\/7235-b4604b.jpeg\" width=\"481\" height=\"294\" \/><\/div>\n<\/div>\n<div class=\"J_module\">\n<div class=\"icbu-pc-detailManyImage magic-5\" data-module-name=\"icbu-pc-detailManyImage\">\n<div><img loading=\"lazy\" decoding=\"async\" class=\"magic-7\" src=\"https:\/\/movesandflow.com\/wp-content\/uploads\/2021\/03\/7235-9d2780.jpeg\" width=\"482\" height=\"296\" \/><\/div>\n<div><\/div>\n<\/div>\n<\/div>\n<div class=\"J_module\"><\/div>\n<div class=\"J_module\">\n<div class=\"icbu-pc-images magic-8\">\n<div class=\"flex-layout-v\">\n<div class=\"flex-layout-h magic-8\">\n<div class=\"magic-15\"><\/div>\n<\/div>\n<\/div>\n<\/div>\n<\/div>\n<\/div>","protected":false},"excerpt":{"rendered":"<p>Coupe extensible \u00e0 taille haute \u00e9vacuant l&#039;humidit\u00e9 \u00a0<\/p>","protected":false},"featured_media":10573,"comment_status":"open","ping_status":"closed","template":"","meta":[],"product_brand":[],"product_cat":[386,107],"product_tag":[],"class_list":{"0":"post-7235","1":"product","2":"type-product","3":"status-publish","4":"has-post-thumbnail","6":"product_cat-bottoms","7":"product_cat-shorts","9":"first","10":"instock","11":"sale","12":"featured","13":"taxable","14":"shipping-taxable","15":"purchasable","16":"product-type-variable"},"yoast_head":"<!-- This site is optimized with the Yoast SEO plugin v27.6 - https:\/\/yoast.com\/product\/yoast-seo-wordpress\/ -->\n<title>Breezy - Moves&amp;Flow<\/title>\n<meta name=\"description\" content=\"Breezy woman&#039;s bike shorts, high rise, medium impact activities, 4 way stretch, moisture wicking, trendy, buttery soft, durable, high quality materials.\" \/>\n<meta name=\"robots\" content=\"index, follow, max-snippet:-1, max-image-preview:large, max-video-preview:-1\" \/>\n<link rel=\"canonical\" href=\"https:\/\/www.movesandflow.com\/fr\/produit\/breezy\/\" \/>\n<meta property=\"og:locale\" content=\"fr_FR\" \/>\n<meta property=\"og:type\" content=\"article\" \/>\n<meta property=\"og:title\" content=\"Breezy - Moves&amp;Flow\" \/>\n<meta property=\"og:description\" content=\"Breezy woman&#039;s bike shorts, high rise, medium impact activities, 4 way stretch, moisture wicking, trendy, buttery soft, durable, high quality materials.\" \/>\n<meta property=\"og:url\" content=\"https:\/\/www.movesandflow.com\/fr\/produit\/breezy\/\" \/>\n<meta property=\"og:site_name\" content=\"Moves&amp;Flow\" \/>\n<meta property=\"article:publisher\" content=\"https:\/\/www.facebook.com\/MovesandFlow\/\" \/>\n<meta property=\"article:modified_time\" content=\"2024-07-04T09:53:33+00:00\" \/>\n<meta property=\"og:image\" content=\"https:\/\/www.movesandflow.com\/wp-content\/uploads\/2021\/03\/7235-f1e682.jpeg\" \/>\n\t<meta property=\"og:image:width\" content=\"750\" \/>\n\t<meta property=\"og:image:height\" content=\"750\" \/>\n\t<meta property=\"og:image:type\" content=\"image\/jpeg\" \/>\n<meta name=\"twitter:card\" content=\"summary_large_image\" \/>\n<meta name=\"twitter:label1\" content=\"Dur\u00e9e de lecture estim\u00e9e\" \/>\n\t<meta name=\"twitter:data1\" content=\"1 minute\" \/>\n<script type=\"application\/ld+json\" class=\"yoast-schema-graph\">{\"@context\":\"https:\\\/\\\/schema.org\",\"@graph\":[{\"@type\":\"WebPage\",\"@id\":\"https:\\\/\\\/www.movesandflow.com\\\/product\\\/breezy\\\/\",\"url\":\"https:\\\/\\\/www.movesandflow.com\\\/product\\\/breezy\\\/\",\"name\":\"Breezy - Moves&amp;Flow\",\"isPartOf\":{\"@id\":\"https:\\\/\\\/www.movesandflow.com\\\/#website\"},\"primaryImageOfPage\":{\"@id\":\"https:\\\/\\\/www.movesandflow.com\\\/product\\\/breezy\\\/#primaryimage\"},\"image\":{\"@id\":\"https:\\\/\\\/www.movesandflow.com\\\/product\\\/breezy\\\/#primaryimage\"},\"thumbnailUrl\":\"https:\\\/\\\/www.movesandflow.com\\\/wp-content\\\/uploads\\\/2021\\\/03\\\/7235-f1e682.jpeg\",\"datePublished\":\"2021-02-15T17:34:50+00:00\",\"dateModified\":\"2024-07-04T09:53:33+00:00\",\"description\":\"Breezy woman's bike shorts, high rise, medium impact activities, 4 way stretch, moisture wicking, trendy, buttery soft, durable, high quality materials.\",\"breadcrumb\":{\"@id\":\"https:\\\/\\\/www.movesandflow.com\\\/product\\\/breezy\\\/#breadcrumb\"},\"inLanguage\":\"fr-FR\",\"potentialAction\":[{\"@type\":\"ReadAction\",\"target\":[\"https:\\\/\\\/www.movesandflow.com\\\/product\\\/breezy\\\/\"]}]},{\"@type\":\"ImageObject\",\"inLanguage\":\"fr-FR\",\"@id\":\"https:\\\/\\\/www.movesandflow.com\\\/product\\\/breezy\\\/#primaryimage\",\"url\":\"https:\\\/\\\/www.movesandflow.com\\\/wp-content\\\/uploads\\\/2021\\\/03\\\/7235-f1e682.jpeg\",\"contentUrl\":\"https:\\\/\\\/www.movesandflow.com\\\/wp-content\\\/uploads\\\/2021\\\/03\\\/7235-f1e682.jpeg\",\"width\":750,\"height\":750,\"caption\":\"7235-f1e682.jpeg\"},{\"@type\":\"BreadcrumbList\",\"@id\":\"https:\\\/\\\/www.movesandflow.com\\\/product\\\/breezy\\\/#breadcrumb\",\"itemListElement\":[{\"@type\":\"ListItem\",\"position\":1,\"name\":\"Home\",\"item\":\"https:\\\/\\\/www.movesandflow.com\\\/\"},{\"@type\":\"ListItem\",\"position\":2,\"name\":\"Shop\",\"item\":\"https:\\\/\\\/www.movesandflow.com\\\/shop\\\/\"},{\"@type\":\"ListItem\",\"position\":3,\"name\":\"Breezy\"}]},{\"@type\":\"WebSite\",\"@id\":\"https:\\\/\\\/www.movesandflow.com\\\/#website\",\"url\":\"https:\\\/\\\/www.movesandflow.com\\\/\",\"name\":\"Moves&Flow\",\"description\":\"Move mountains, flow like water\",\"publisher\":{\"@id\":\"https:\\\/\\\/www.movesandflow.com\\\/#organization\"},\"potentialAction\":[{\"@type\":\"SearchAction\",\"target\":{\"@type\":\"EntryPoint\",\"urlTemplate\":\"https:\\\/\\\/www.movesandflow.com\\\/?s={search_term_string}\"},\"query-input\":{\"@type\":\"PropertyValueSpecification\",\"valueRequired\":true,\"valueName\":\"search_term_string\"}}],\"inLanguage\":\"fr-FR\"},{\"@type\":\"Organization\",\"@id\":\"https:\\\/\\\/www.movesandflow.com\\\/#organization\",\"name\":\"Moves&Flow\",\"url\":\"https:\\\/\\\/www.movesandflow.com\\\/\",\"logo\":{\"@type\":\"ImageObject\",\"inLanguage\":\"fr-FR\",\"@id\":\"https:\\\/\\\/www.movesandflow.com\\\/#\\\/schema\\\/logo\\\/image\\\/\",\"url\":\"https:\\\/\\\/www.movesandflow.com\\\/wp-content\\\/uploads\\\/2021\\\/06\\\/cropped-App-button-3@4x-1.png\",\"contentUrl\":\"https:\\\/\\\/www.movesandflow.com\\\/wp-content\\\/uploads\\\/2021\\\/06\\\/cropped-App-button-3@4x-1.png\",\"width\":1592,\"height\":1326,\"caption\":\"Moves&Flow\"},\"image\":{\"@id\":\"https:\\\/\\\/www.movesandflow.com\\\/#\\\/schema\\\/logo\\\/image\\\/\"},\"sameAs\":[\"https:\\\/\\\/www.facebook.com\\\/MovesandFlow\\\/\",\"https:\\\/\\\/www.instagram.com\\\/movesnflow\\\/\",\"https:\\\/\\\/www.pinterest.ca\\\/MovesandFlow\\\/\"]}]}<\/script>\n<!-- \/ Yoast SEO plugin. -->","yoast_head_json":{"title":"Breezy - Moves&amp;Flow","description":"Breezy woman's bike shorts, high rise, medium impact activities, 4 way stretch, moisture wicking, trendy, buttery soft, durable, high quality materials.","robots":{"index":"index","follow":"follow","max-snippet":"max-snippet:-1","max-image-preview":"max-image-preview:large","max-video-preview":"max-video-preview:-1"},"canonical":"https:\/\/www.movesandflow.com\/fr\/produit\/breezy\/","og_locale":"fr_FR","og_type":"article","og_title":"Breezy - Moves&amp;Flow","og_description":"Breezy woman's bike shorts, high rise, medium impact activities, 4 way stretch, moisture wicking, trendy, buttery soft, durable, high quality materials.","og_url":"https:\/\/www.movesandflow.com\/fr\/produit\/breezy\/","og_site_name":"Moves&amp;Flow","article_publisher":"https:\/\/www.facebook.com\/MovesandFlow\/","article_modified_time":"2024-07-04T09:53:33+00:00","og_image":[{"width":750,"height":750,"url":"https:\/\/www.movesandflow.com\/wp-content\/uploads\/2021\/03\/7235-f1e682.jpeg","type":"image\/jpeg"}],"twitter_card":"summary_large_image","twitter_misc":{"Dur\u00e9e de lecture estim\u00e9e":"1 minute"},"schema":{"@context":"https:\/\/schema.org","@graph":[{"@type":"WebPage","@id":"https:\/\/www.movesandflow.com\/product\/breezy\/","url":"https:\/\/www.movesandflow.com\/product\/breezy\/","name":"Breezy - Moves&amp;Flow","isPartOf":{"@id":"https:\/\/www.movesandflow.com\/#website"},"primaryImageOfPage":{"@id":"https:\/\/www.movesandflow.com\/product\/breezy\/#primaryimage"},"image":{"@id":"https:\/\/www.movesandflow.com\/product\/breezy\/#primaryimage"},"thumbnailUrl":"https:\/\/www.movesandflow.com\/wp-content\/uploads\/2021\/03\/7235-f1e682.jpeg","datePublished":"2021-02-15T17:34:50+00:00","dateModified":"2024-07-04T09:53:33+00:00","description":"Breezy woman's bike shorts, high rise, medium impact activities, 4 way stretch, moisture wicking, trendy, buttery soft, durable, high quality materials.","breadcrumb":{"@id":"https:\/\/www.movesandflow.com\/product\/breezy\/#breadcrumb"},"inLanguage":"fr-FR","potentialAction":[{"@type":"ReadAction","target":["https:\/\/www.movesandflow.com\/product\/breezy\/"]}]},{"@type":"ImageObject","inLanguage":"fr-FR","@id":"https:\/\/www.movesandflow.com\/product\/breezy\/#primaryimage","url":"https:\/\/www.movesandflow.com\/wp-content\/uploads\/2021\/03\/7235-f1e682.jpeg","contentUrl":"https:\/\/www.movesandflow.com\/wp-content\/uploads\/2021\/03\/7235-f1e682.jpeg","width":750,"height":750,"caption":"7235-f1e682.jpeg"},{"@type":"BreadcrumbList","@id":"https:\/\/www.movesandflow.com\/product\/breezy\/#breadcrumb","itemListElement":[{"@type":"ListItem","position":1,"name":"Home","item":"https:\/\/www.movesandflow.com\/"},{"@type":"ListItem","position":2,"name":"Shop","item":"https:\/\/www.movesandflow.com\/shop\/"},{"@type":"ListItem","position":3,"name":"Breezy"}]},{"@type":"WebSite","@id":"https:\/\/www.movesandflow.com\/#website","url":"https:\/\/www.movesandflow.com\/","name":"Mouvements et flux","description":"D\u00e9placer les montagnes, couler comme de l&#039;eau","publisher":{"@id":"https:\/\/www.movesandflow.com\/#organization"},"potentialAction":[{"@type":"SearchAction","target":{"@type":"EntryPoint","urlTemplate":"https:\/\/www.movesandflow.com\/?s={search_term_string}"},"query-input":{"@type":"PropertyValueSpecification","valueRequired":true,"valueName":"search_term_string"}}],"inLanguage":"fr-FR"},{"@type":"Organization","@id":"https:\/\/www.movesandflow.com\/#organization","name":"Mouvements et flux","url":"https:\/\/www.movesandflow.com\/","logo":{"@type":"ImageObject","inLanguage":"fr-FR","@id":"https:\/\/www.movesandflow.com\/#\/schema\/logo\/image\/","url":"https:\/\/www.movesandflow.com\/wp-content\/uploads\/2021\/06\/cropped-App-button-3@4x-1.png","contentUrl":"https:\/\/www.movesandflow.com\/wp-content\/uploads\/2021\/06\/cropped-App-button-3@4x-1.png","width":1592,"height":1326,"caption":"Moves&Flow"},"image":{"@id":"https:\/\/www.movesandflow.com\/#\/schema\/logo\/image\/"},"sameAs":["https:\/\/www.facebook.com\/MovesandFlow\/","https:\/\/www.instagram.com\/movesnflow\/","https:\/\/www.pinterest.ca\/MovesandFlow\/"]}]}},"jetpack_sharing_enabled":true,"_links":{"self":[{"href":"https:\/\/www.movesandflow.com\/fr\/wp-json\/wp\/v2\/product\/7235","targetHints":{"allow":["GET"]}}],"collection":[{"href":"https:\/\/www.movesandflow.com\/fr\/wp-json\/wp\/v2\/product"}],"about":[{"href":"https:\/\/www.movesandflow.com\/fr\/wp-json\/wp\/v2\/types\/product"}],"replies":[{"embeddable":true,"href":"https:\/\/www.movesandflow.com\/fr\/wp-json\/wp\/v2\/comments?post=7235"}],"wp:featuredmedia":[{"embeddable":true,"href":"https:\/\/www.movesandflow.com\/fr\/wp-json\/wp\/v2\/media\/10573"}],"wp:attachment":[{"href":"https:\/\/www.movesandflow.com\/fr\/wp-json\/wp\/v2\/media?parent=7235"}],"wp:term":[{"taxonomy":"product_brand","embeddable":true,"href":"https:\/\/www.movesandflow.com\/fr\/wp-json\/wp\/v2\/product_brand?post=7235"},{"taxonomy":"product_cat","embeddable":true,"href":"https:\/\/www.movesandflow.com\/fr\/wp-json\/wp\/v2\/product_cat?post=7235"},{"taxonomy":"product_tag","embeddable":true,"href":"https:\/\/www.movesandflow.com\/fr\/wp-json\/wp\/v2\/product_tag?post=7235"}],"curies":[{"name":"wp","href":"https:\/\/api.w.org\/{rel}","templated":true}]}}