{"id":10496,"date":"2021-03-13T14:21:18","date_gmt":"2021-03-13T19:21:18","guid":{"rendered":"https:\/\/movesandflow.com\/product\/magnum-p-i-2\/"},"modified":"2023-12-19T12:28:25","modified_gmt":"2023-12-19T17:28:25","slug":"magnum-p-i","status":"publish","type":"product","link":"https:\/\/www.movesandflow.com\/fr\/produit\/magnum-p-i\/","title":{"rendered":"Magnum PI"},"content":{"rendered":"<div>\n<ul>\n<li>Taille haute<\/li>\n<li>Compressif<\/li>\n<li>Haute intensit\u00e9<\/li>\n<li>\u00c9vacuation de l&#039;humidit\u00e9<\/li>\n<\/ul>\n<\/div>\n<div><img decoding=\"async\" style=\"margin-bottom: 10px\" src=\"https:\/\/movesandflow.com\/wp-content\/uploads\/2020\/12\/1314-85fadd.jpeg\" \/><\/div>\n<div><img loading=\"lazy\" decoding=\"async\" class=\"\" src=\"\/\/ae01.alicdn.com\/kf\/Hf25555cedf1141c38cf3f907ea25e53aP.jpg\" width=\"390\" height=\"562\" \/>\u00a0 \u00a0 \u00a0<img loading=\"lazy\" decoding=\"async\" class=\"\" src=\"\/\/ae01.alicdn.com\/kf\/Hb0b3b4f8a2ee4255a9e5e7d5c790bb9bX.jpg\" width=\"391\" height=\"561\" \/><\/div>\n<div><img loading=\"lazy\" decoding=\"async\" class=\"\" src=\"\/\/ae01.alicdn.com\/kf\/Hf9f2edc536cd438aa72d4e24fe8ff28bA.jpg\" width=\"391\" height=\"560\" \/>.\u00a0 \u00a0 <img loading=\"lazy\" decoding=\"async\" class=\"\" src=\"\/\/ae01.alicdn.com\/kf\/H1734627c41b141738a438f45f43779f7M.jpg\" width=\"390\" height=\"563\" \/><\/div>","protected":false},"excerpt":{"rendered":"<p>Taille haute Compression Haute intensit\u00e9 \u00c9vacuation de l&#039;humidit\u00e9.\u00a0 \u00a0<\/p>","protected":false},"featured_media":10539,"comment_status":"open","ping_status":"closed","template":"","meta":[],"product_brand":[],"product_cat":[386,68],"product_tag":[],"class_list":{"0":"post-10496","1":"product","2":"type-product","3":"status-publish","4":"has-post-thumbnail","6":"product_cat-bottoms","7":"product_cat-leggings","9":"first","10":"outofstock","11":"taxable","12":"shipping-taxable","13":"purchasable","14":"product-type-variable"},"yoast_head":"<!-- This site is optimized with the Yoast SEO plugin v27.6 - https:\/\/yoast.com\/product\/yoast-seo-wordpress\/ -->\n<title>Magnum P.I. - Moves&amp;Flow<\/title>\n<meta name=\"description\" content=\"Magnum P.I. women&#039;s leggings, four way stretch, high waist, compressive, high intensity, moisture wicking, comfort and style you look for in active-wear\" \/>\n<meta name=\"robots\" content=\"index, follow, max-snippet:-1, max-image-preview:large, max-video-preview:-1\" \/>\n<link rel=\"canonical\" href=\"https:\/\/www.movesandflow.com\/fr\/produit\/magnum-p-i\/\" \/>\n<meta property=\"og:locale\" content=\"fr_FR\" \/>\n<meta property=\"og:type\" content=\"article\" \/>\n<meta property=\"og:title\" content=\"Magnum P.I. - Moves&amp;Flow\" \/>\n<meta property=\"og:description\" content=\"Magnum P.I. women&#039;s leggings, four way stretch, high waist, compressive, high intensity, moisture wicking, comfort and style you look for in active-wear\" \/>\n<meta property=\"og:url\" content=\"https:\/\/www.movesandflow.com\/fr\/produit\/magnum-p-i\/\" \/>\n<meta property=\"og:site_name\" content=\"Moves&amp;Flow\" \/>\n<meta property=\"article:publisher\" content=\"https:\/\/www.facebook.com\/MovesandFlow\/\" \/>\n<meta property=\"article:modified_time\" content=\"2023-12-19T17:28:25+00:00\" \/>\n<meta property=\"og:image\" content=\"https:\/\/www.movesandflow.com\/wp-content\/uploads\/2021\/03\/1213-738f3c.jpeg\" \/>\n\t<meta property=\"og:image:width\" content=\"750\" \/>\n\t<meta property=\"og:image:height\" content=\"1000\" \/>\n\t<meta property=\"og:image:type\" content=\"image\/jpeg\" \/>\n<meta name=\"twitter:card\" content=\"summary_large_image\" \/>\n<meta name=\"twitter:label1\" content=\"Dur\u00e9e de lecture estim\u00e9e\" \/>\n\t<meta name=\"twitter:data1\" content=\"2 minutes\" \/>\n<script type=\"application\/ld+json\" class=\"yoast-schema-graph\">{\"@context\":\"https:\\\/\\\/schema.org\",\"@graph\":[{\"@type\":\"WebPage\",\"@id\":\"https:\\\/\\\/www.movesandflow.com\\\/product\\\/magnum-p-i\\\/\",\"url\":\"https:\\\/\\\/www.movesandflow.com\\\/product\\\/magnum-p-i\\\/\",\"name\":\"Magnum P.I. - Moves&amp;Flow\",\"isPartOf\":{\"@id\":\"https:\\\/\\\/www.movesandflow.com\\\/#website\"},\"primaryImageOfPage\":{\"@id\":\"https:\\\/\\\/www.movesandflow.com\\\/product\\\/magnum-p-i\\\/#primaryimage\"},\"image\":{\"@id\":\"https:\\\/\\\/www.movesandflow.com\\\/product\\\/magnum-p-i\\\/#primaryimage\"},\"thumbnailUrl\":\"https:\\\/\\\/www.movesandflow.com\\\/wp-content\\\/uploads\\\/2021\\\/03\\\/1213-738f3c.jpeg\",\"datePublished\":\"2021-03-13T19:21:18+00:00\",\"dateModified\":\"2023-12-19T17:28:25+00:00\",\"description\":\"Magnum P.I. women's leggings, four way stretch, high waist, compressive, high intensity, moisture wicking, comfort and style you look for in active-wear\",\"breadcrumb\":{\"@id\":\"https:\\\/\\\/www.movesandflow.com\\\/product\\\/magnum-p-i\\\/#breadcrumb\"},\"inLanguage\":\"fr-FR\",\"potentialAction\":[{\"@type\":\"ReadAction\",\"target\":[\"https:\\\/\\\/www.movesandflow.com\\\/product\\\/magnum-p-i\\\/\"]}]},{\"@type\":\"ImageObject\",\"inLanguage\":\"fr-FR\",\"@id\":\"https:\\\/\\\/www.movesandflow.com\\\/product\\\/magnum-p-i\\\/#primaryimage\",\"url\":\"https:\\\/\\\/www.movesandflow.com\\\/wp-content\\\/uploads\\\/2021\\\/03\\\/1213-738f3c.jpeg\",\"contentUrl\":\"https:\\\/\\\/www.movesandflow.com\\\/wp-content\\\/uploads\\\/2021\\\/03\\\/1213-738f3c.jpeg\",\"width\":750,\"height\":1000,\"caption\":\"1213-738f3c.jpeg\"},{\"@type\":\"BreadcrumbList\",\"@id\":\"https:\\\/\\\/www.movesandflow.com\\\/product\\\/magnum-p-i\\\/#breadcrumb\",\"itemListElement\":[{\"@type\":\"ListItem\",\"position\":1,\"name\":\"Home\",\"item\":\"https:\\\/\\\/www.movesandflow.com\\\/\"},{\"@type\":\"ListItem\",\"position\":2,\"name\":\"Shop\",\"item\":\"https:\\\/\\\/www.movesandflow.com\\\/shop\\\/\"},{\"@type\":\"ListItem\",\"position\":3,\"name\":\"Magnum P.I.\"}]},{\"@type\":\"WebSite\",\"@id\":\"https:\\\/\\\/www.movesandflow.com\\\/#website\",\"url\":\"https:\\\/\\\/www.movesandflow.com\\\/\",\"name\":\"Moves&Flow\",\"description\":\"Move mountains, flow like water\",\"publisher\":{\"@id\":\"https:\\\/\\\/www.movesandflow.com\\\/#organization\"},\"potentialAction\":[{\"@type\":\"SearchAction\",\"target\":{\"@type\":\"EntryPoint\",\"urlTemplate\":\"https:\\\/\\\/www.movesandflow.com\\\/?s={search_term_string}\"},\"query-input\":{\"@type\":\"PropertyValueSpecification\",\"valueRequired\":true,\"valueName\":\"search_term_string\"}}],\"inLanguage\":\"fr-FR\"},{\"@type\":\"Organization\",\"@id\":\"https:\\\/\\\/www.movesandflow.com\\\/#organization\",\"name\":\"Moves&Flow\",\"url\":\"https:\\\/\\\/www.movesandflow.com\\\/\",\"logo\":{\"@type\":\"ImageObject\",\"inLanguage\":\"fr-FR\",\"@id\":\"https:\\\/\\\/www.movesandflow.com\\\/#\\\/schema\\\/logo\\\/image\\\/\",\"url\":\"https:\\\/\\\/www.movesandflow.com\\\/wp-content\\\/uploads\\\/2021\\\/06\\\/cropped-App-button-3@4x-1.png\",\"contentUrl\":\"https:\\\/\\\/www.movesandflow.com\\\/wp-content\\\/uploads\\\/2021\\\/06\\\/cropped-App-button-3@4x-1.png\",\"width\":1592,\"height\":1326,\"caption\":\"Moves&Flow\"},\"image\":{\"@id\":\"https:\\\/\\\/www.movesandflow.com\\\/#\\\/schema\\\/logo\\\/image\\\/\"},\"sameAs\":[\"https:\\\/\\\/www.facebook.com\\\/MovesandFlow\\\/\",\"https:\\\/\\\/www.instagram.com\\\/movesnflow\\\/\",\"https:\\\/\\\/www.pinterest.ca\\\/MovesandFlow\\\/\"]}]}<\/script>\n<!-- \/ Yoast SEO plugin. -->","yoast_head_json":{"title":"Magnum P.I. - Moves&amp;Flow","description":"Magnum P.I. women's leggings, four way stretch, high waist, compressive, high intensity, moisture wicking, comfort and style you look for in active-wear","robots":{"index":"index","follow":"follow","max-snippet":"max-snippet:-1","max-image-preview":"max-image-preview:large","max-video-preview":"max-video-preview:-1"},"canonical":"https:\/\/www.movesandflow.com\/fr\/produit\/magnum-p-i\/","og_locale":"fr_FR","og_type":"article","og_title":"Magnum P.I. - Moves&amp;Flow","og_description":"Magnum P.I. women's leggings, four way stretch, high waist, compressive, high intensity, moisture wicking, comfort and style you look for in active-wear","og_url":"https:\/\/www.movesandflow.com\/fr\/produit\/magnum-p-i\/","og_site_name":"Moves&amp;Flow","article_publisher":"https:\/\/www.facebook.com\/MovesandFlow\/","article_modified_time":"2023-12-19T17:28:25+00:00","og_image":[{"width":750,"height":1000,"url":"https:\/\/www.movesandflow.com\/wp-content\/uploads\/2021\/03\/1213-738f3c.jpeg","type":"image\/jpeg"}],"twitter_card":"summary_large_image","twitter_misc":{"Dur\u00e9e de lecture estim\u00e9e":"2 minutes"},"schema":{"@context":"https:\/\/schema.org","@graph":[{"@type":"WebPage","@id":"https:\/\/www.movesandflow.com\/product\/magnum-p-i\/","url":"https:\/\/www.movesandflow.com\/product\/magnum-p-i\/","name":"Magnum P.I. - Moves&amp;Flow","isPartOf":{"@id":"https:\/\/www.movesandflow.com\/#website"},"primaryImageOfPage":{"@id":"https:\/\/www.movesandflow.com\/product\/magnum-p-i\/#primaryimage"},"image":{"@id":"https:\/\/www.movesandflow.com\/product\/magnum-p-i\/#primaryimage"},"thumbnailUrl":"https:\/\/www.movesandflow.com\/wp-content\/uploads\/2021\/03\/1213-738f3c.jpeg","datePublished":"2021-03-13T19:21:18+00:00","dateModified":"2023-12-19T17:28:25+00:00","description":"Magnum P.I. women's leggings, four way stretch, high waist, compressive, high intensity, moisture wicking, comfort and style you look for in active-wear","breadcrumb":{"@id":"https:\/\/www.movesandflow.com\/product\/magnum-p-i\/#breadcrumb"},"inLanguage":"fr-FR","potentialAction":[{"@type":"ReadAction","target":["https:\/\/www.movesandflow.com\/product\/magnum-p-i\/"]}]},{"@type":"ImageObject","inLanguage":"fr-FR","@id":"https:\/\/www.movesandflow.com\/product\/magnum-p-i\/#primaryimage","url":"https:\/\/www.movesandflow.com\/wp-content\/uploads\/2021\/03\/1213-738f3c.jpeg","contentUrl":"https:\/\/www.movesandflow.com\/wp-content\/uploads\/2021\/03\/1213-738f3c.jpeg","width":750,"height":1000,"caption":"1213-738f3c.jpeg"},{"@type":"BreadcrumbList","@id":"https:\/\/www.movesandflow.com\/product\/magnum-p-i\/#breadcrumb","itemListElement":[{"@type":"ListItem","position":1,"name":"Home","item":"https:\/\/www.movesandflow.com\/"},{"@type":"ListItem","position":2,"name":"Shop","item":"https:\/\/www.movesandflow.com\/shop\/"},{"@type":"ListItem","position":3,"name":"Magnum P.I."}]},{"@type":"WebSite","@id":"https:\/\/www.movesandflow.com\/#website","url":"https:\/\/www.movesandflow.com\/","name":"Mouvements et flux","description":"D\u00e9placer les montagnes, couler comme de l&#039;eau","publisher":{"@id":"https:\/\/www.movesandflow.com\/#organization"},"potentialAction":[{"@type":"SearchAction","target":{"@type":"EntryPoint","urlTemplate":"https:\/\/www.movesandflow.com\/?s={search_term_string}"},"query-input":{"@type":"PropertyValueSpecification","valueRequired":true,"valueName":"search_term_string"}}],"inLanguage":"fr-FR"},{"@type":"Organization","@id":"https:\/\/www.movesandflow.com\/#organization","name":"Mouvements et flux","url":"https:\/\/www.movesandflow.com\/","logo":{"@type":"ImageObject","inLanguage":"fr-FR","@id":"https:\/\/www.movesandflow.com\/#\/schema\/logo\/image\/","url":"https:\/\/www.movesandflow.com\/wp-content\/uploads\/2021\/06\/cropped-App-button-3@4x-1.png","contentUrl":"https:\/\/www.movesandflow.com\/wp-content\/uploads\/2021\/06\/cropped-App-button-3@4x-1.png","width":1592,"height":1326,"caption":"Moves&Flow"},"image":{"@id":"https:\/\/www.movesandflow.com\/#\/schema\/logo\/image\/"},"sameAs":["https:\/\/www.facebook.com\/MovesandFlow\/","https:\/\/www.instagram.com\/movesnflow\/","https:\/\/www.pinterest.ca\/MovesandFlow\/"]}]}},"jetpack_sharing_enabled":true,"_links":{"self":[{"href":"https:\/\/www.movesandflow.com\/fr\/wp-json\/wp\/v2\/product\/10496","targetHints":{"allow":["GET"]}}],"collection":[{"href":"https:\/\/www.movesandflow.com\/fr\/wp-json\/wp\/v2\/product"}],"about":[{"href":"https:\/\/www.movesandflow.com\/fr\/wp-json\/wp\/v2\/types\/product"}],"replies":[{"embeddable":true,"href":"https:\/\/www.movesandflow.com\/fr\/wp-json\/wp\/v2\/comments?post=10496"}],"wp:featuredmedia":[{"embeddable":true,"href":"https:\/\/www.movesandflow.com\/fr\/wp-json\/wp\/v2\/media\/10539"}],"wp:attachment":[{"href":"https:\/\/www.movesandflow.com\/fr\/wp-json\/wp\/v2\/media?parent=10496"}],"wp:term":[{"taxonomy":"product_brand","embeddable":true,"href":"https:\/\/www.movesandflow.com\/fr\/wp-json\/wp\/v2\/product_brand?post=10496"},{"taxonomy":"product_cat","embeddable":true,"href":"https:\/\/www.movesandflow.com\/fr\/wp-json\/wp\/v2\/product_cat?post=10496"},{"taxonomy":"product_tag","embeddable":true,"href":"https:\/\/www.movesandflow.com\/fr\/wp-json\/wp\/v2\/product_tag?post=10496"}],"curies":[{"name":"wp","href":"https:\/\/api.w.org\/{rel}","templated":true}]}}