{"id":6497,"date":"2021-01-10T14:34:13","date_gmt":"2021-01-10T19:34:13","guid":{"rendered":"https:\/\/movesandflow.com\/?page_id=6497"},"modified":"2021-07-29T16:03:17","modified_gmt":"2021-07-29T21:03:17","slug":"shipping-policy","status":"publish","type":"page","link":"https:\/\/www.movesandflow.com\/fr\/shipping-policy\/","title":{"rendered":"Politique d&#039;exp\u00e9dition"},"content":{"rendered":"<div class=\"row\"  id=\"row-1224714558\">\n\n\n\t<div id=\"col-1267128753\" class=\"col medium-10 small-12 large-10\"  >\n\t\t\t\t<div class=\"col-inner\"  >\n\t\t\t\n\t\t\t\n\n\t<div id=\"text-3913378732\" class=\"text\">\n\t\t\n\n<h2 style=\"text-align: left;\">Conditions d&#039;exp\u00e9dition<\/h2>\n<p style=\"text-align: left;\"><div class=\"is-divider divider clearfix\" style=\"max-width:small;\"><\/div>\n\t\t\n<style>\n#text-3913378732 {\n  font-size: 1rem;\n  line-height: 2.75;\n  text-align: center;\n}\n<\/style>\n\t<\/div>\n\t\n<div style=\"text-align: justify;\">\n<p><b><i>D\u00e9lais de traitement pour les envois nationaux et internationaux<\/i><\/b><\/p>\n<p><span style=\"font-weight: 400;\">Chez Moves and Flow, toutes les commandes sont trait\u00e9es dans un d\u00e9lai de 1 \u00e0 2 jours ouvrables (hors week-end et jours f\u00e9ri\u00e9s) apr\u00e8s r\u00e9ception de votre e-mail de confirmation de commande.<\/span><\/p>\n<h3><span style=\"font-weight: 400;\">D\u00e9lais estim\u00e9s et tarifs d&#039;exp\u00e9dition nationaux<\/span><\/h3>\n<p><b>D\u00e9lais de livraison<\/b><\/p>\n<p><span style=\"font-weight: 400;\">Apr\u00e8s avoir re\u00e7u la confirmation de commande, les clients recevront une confirmation d&#039;exp\u00e9dition \u00e0 laquelle les jours d&#039;exp\u00e9dition de la commande <\/span><span style=\"font-weight: 400;\">(hors week-end et jours f\u00e9ri\u00e9s) <\/span><span style=\"font-weight: 400;\">sera en concordance avec la r\u00e9gion indiqu\u00e9e dans le tableau ci-dessous. <\/span><b><i>Les clients peuvent subir des retards en raison d&#039;un volume \u00e9lev\u00e9 de commandes ou de probl\u00e8mes de service postal ind\u00e9pendants de notre volont\u00e9.<\/i><\/b><b><i><br \/><\/i><\/b><span style=\"font-weight: 400;\">Nous ajouterons les informations de suivi aux d\u00e9tails de votre commande afin que vous puissiez suivre votre colis quand et o\u00f9 vous le souhaitez.\u00a0<\/span><\/p>\n<p><b>En raison de Covid 19, le d\u00e9lai de livraison des exp\u00e9ditions subit des retards<\/b><span style=\"font-weight: 400;\"> qui sont affich\u00e9s dans le tableau ci-dessous.<\/span><\/p>\n<p><b>Frais d&#039;envoi<\/b><\/p>\n<p><span style=\"font-weight: 400;\">Les clients seront \u00e9ligibles pour la livraison gratuite sur les commandes de plus de $85, avant les taxes applicables. En cas d&#039;\u00e9change ou de remboursement, le client sera responsable des frais d&#039;exp\u00e9dition.<\/span><\/p>\n<table>\n<tbody>\n<tr>\n<td>\n<p><b>R\u00e9gion d&#039;exp\u00e9dition<\/b><\/p>\n<\/td>\n<td>\n<p><b>Temps de livraison estim\u00e9<\/b><\/p>\n<\/td>\n<td>\n<p><b>Prix<\/b><\/p>\n<\/td>\n<\/tr>\n<tr>\n<td>\n<p>Qu\u00e9bec<\/p>\n<\/td>\n<td>\n<p>2 \u00e0 7 jours ouvrables<\/p>\n<\/td>\n<td>\n<p>$10<\/p>\n<\/td>\n<\/tr>\n<tr>\n<td>\n<p>Canada (autres provinces)<\/p>\n<\/td>\n<td>\n<p>2 \u00e0 7 jours ouvrables<\/p>\n<\/td>\n<td>\n<p>$15<\/p>\n<\/td>\n<\/tr>\n<\/tbody>\n<\/table>\n<h3><span style=\"font-weight: 400;\">D\u00e9lais internationaux estim\u00e9s et tarifs d&#039;exp\u00e9dition<\/span><\/h3>\n<p><b>Temps d&#039;exp\u00e9dition<\/b><\/p>\n<p><span style=\"font-weight: 400;\">Apr\u00e8s avoir re\u00e7u la confirmation de commande, les clients recevront une confirmation d&#039;exp\u00e9dition \u00e0 laquelle les jours d&#039;exp\u00e9dition de la commande <\/span><span style=\"font-weight: 400;\">(hors week-end et jours f\u00e9ri\u00e9s) <\/span><span style=\"font-weight: 400;\">sera en concordance avec la r\u00e9gion indiqu\u00e9e dans le tableau ci-dessous. <\/span><b><i>Les clients peuvent subir des retards en raison d&#039;un volume \u00e9lev\u00e9 de commandes ou de probl\u00e8mes de service postal ind\u00e9pendants de notre volont\u00e9.<\/i><\/b><b><i><br \/><\/i><\/b><span style=\"font-weight: 400;\">Nous ajouterons les informations de suivi aux d\u00e9tails de votre commande afin que vous puissiez suivre votre colis quand et o\u00f9 vous le souhaitez.<\/span><\/p>\n<p><b>En raison de Covid 19, le d\u00e9lai de livraison des exp\u00e9ditions subit des retards<\/b><span style=\"font-weight: 400;\"> qui sont calcul\u00e9s dans le tableau ci-dessous.<\/span><\/p>\n<p><b>Frais d&#039;envoi<\/b><\/p>\n<p><span style=\"font-weight: 400;\">Les clients seront \u00e9ligibles pour la livraison gratuite sur les commandes de plus de $120 avant les taxes applicables. En cas d&#039;\u00e9change ou de remboursement, le client sera responsable des frais d&#039;exp\u00e9dition.<\/span><\/p>\n<table>\n<tbody>\n<tr>\n<td>\n<p><b>Pays de livraison<\/b><\/p>\n<\/td>\n<td>\n<p><b>Temps de livraison estim\u00e9<\/b><\/p>\n<\/td>\n<td>\n<p><b>Prix<\/b><\/p>\n<\/td>\n<\/tr>\n<tr>\n<td>\n<p><span style=\"font-weight: 400;\">Etats-Unis<\/span><\/p>\n<\/td>\n<td>\n<p><span style=\"font-weight: 400;\">20 \u00e0 45 jours ouvrables<\/span><\/p>\n<\/td>\n<td>\n<p><span style=\"font-weight: 400;\">$17<\/span><\/p>\n<\/td>\n<\/tr>\n<tr>\n<td>\n<p><span style=\"font-weight: 400;\">La France<\/span><\/p>\n<\/td>\n<td>\n<p><span style=\"font-weight: 400;\">15 \u00e0 25 jours ouvrables<\/span><\/p>\n<\/td>\n<td>\n<p><span style=\"font-weight: 400;\">$10<\/span><\/p>\n<\/td>\n<\/tr>\n<tr>\n<td>\n<p><span style=\"font-weight: 400;\">L&#039;Europe \uf0d7<\/span><\/p>\n<\/td>\n<td>\n<p><span style=\"font-weight: 400;\">18 \u00e0 25 jours ouvrables<\/span><\/p>\n<\/td>\n<td>\n<p><span style=\"font-weight: 400;\">$18<\/span><\/p>\n<\/td>\n<\/tr>\n<\/tbody>\n<\/table>\n<p><span style=\"font-weight: 400;\">\u00a0<\/span><span style=\"font-weight: 400;\">Votre commande peut \u00eatre soumise \u00e0 des droits et taxes \u00e0 l&#039;importation (y compris la TVA), qui sont encourus une fois qu&#039;un envoi atteint votre pays de destination. Moves and Flow n&#039;est pas responsable de ces frais s&#039;ils sont appliqu\u00e9s et rel\u00e8vent de votre responsabilit\u00e9 en tant que client.\u00a0<\/span><\/p>\n<h3><span style=\"font-weight: 400;\">V\u00e9rifiez l&#039;\u00e9tat de votre commande<\/span><\/h3>\n<p><span style=\"font-weight: 400;\">Une fois votre commande exp\u00e9di\u00e9e, vous recevrez une notification par e-mail de notre part qui comprendra un num\u00e9ro de suivi que vous pourrez utiliser pour v\u00e9rifier son statut d&#039;exp\u00e9dition. Veuillez pr\u00e9voir 48 heures pour que les informations de suivi soient disponibles.\u00a0<\/span><\/p>\n<p><span style=\"font-weight: 400;\">Si vous n&#039;avez pas re\u00e7u votre commande dans les 40 jours suivant la r\u00e9ception de votre e-mail de confirmation d&#039;exp\u00e9dition, veuillez nous contacter \u00e0 <\/span><i><span style=\"font-weight: 400;\">admin@movesandflow.com<\/span><\/i><span style=\"font-weight: 400;\"> avec votre nom et votre num\u00e9ro de commande, et nous veillerons \u00e0 ce que vous obteniez une r\u00e9ponse dans les plus brefs d\u00e9lais.<\/span><\/p>\n<h3><span style=\"font-weight: 400;\">Dommages et pertes d&#039;exp\u00e9dition<\/span><\/h3>\n<p><span style=\"font-weight: 400;\">Moves and Flow n&#039;est pas responsable des produits endommag\u00e9s ou perdus pendant l&#039;exp\u00e9dition. Si vous avez re\u00e7u votre commande endommag\u00e9e, veuillez contacter le transporteur ou notre \u00e9quipe d&#039;assistance \u00e0 l&#039;adresse <\/span><i><span style=\"font-weight: 400;\">admin@movesandflow.com<\/span><\/i><span style=\"font-weight: 400;\"> pour d\u00e9poser une r\u00e9clamation. Prenez des photos de l&#039;article endommag\u00e9 pendant que la politique de retour est encore valide et joignez-les \u00e0 <\/span><span style=\"font-weight: 400;\">les<\/span><span style=\"font-weight: 400;\"> e-mail de r\u00e9clamation. Conservez tous les mat\u00e9riaux d&#039;emballage et les marchandises endommag\u00e9es avant de d\u00e9poser une r\u00e9clamation.<\/span><\/p>\n<h3><span style=\"font-weight: 400;\">Remboursements, retours et \u00e9changes<\/span><\/h3>\n<p><b><i>\u00a0<\/i><\/b><span style=\"font-weight: 400;\">Nous acceptons les retours jusqu&#039;\u00e0 30 jours apr\u00e8s r\u00e9ception du colis. Si l&#039;article n&#039;est pas utilis\u00e9 et dans son \u00e9tat d&#039;origine, nous vous rembourserons le montant total de la commande \u00e0 l&#039;exclusion des frais d&#039;exp\u00e9dition pour le retour.\u00a0<\/span><\/p>\n<p><span style=\"font-weight: 400;\">Dans le cas o\u00f9 votre commande arriverait endommag\u00e9e de quelque mani\u00e8re que ce soit, veuillez nous envoyer un e-mail d\u00e8s que possible \u00e0 admin@movesandflow.com avec votre num\u00e9ro de commande et une photo de l&#039;\u00e9tat de l&#039;article. Nous les traitons au cas par cas, mais nous ferons de notre mieux pour trouver une solution satisfaisante.<\/span><\/p>\n<p><span style=\"font-weight: 400;\">Si vous avez d&#039;autres questions, n&#039;h\u00e9sitez pas \u00e0 <\/span><a href=\"https:\/\/www.movesandflow.com\/fr\/contact\/\"><span style=\"font-weight: 400;\">Nous contacter<\/span><\/a><span style=\"font-weight: 400;\"> sur notre page contact.<\/span><\/p>\n<p><b><i>Vous trouverez ici notre int\u00e9gralit\u00e9 <\/i><\/b><a href=\"https:\/\/www.movesandflow.com\/fr\/returns-and-refunds-policy\/\"><b><i>page de politique de retour<\/i><\/b><\/a><b><i>.<\/i><\/b><\/p>\n<\/div>\n\n\t\t<\/div>\n\t\t\t\t\t<\/div>\n\n\t\n\n\t<div id=\"col-1818826212\" class=\"col medium-2 small-12 large-2\"  >\n\t\t\t\t<div class=\"col-inner\"  >\n\t\t\t\n\t\t\t\n\n\n  \n    <div class=\"row large-columns-1 medium-columns- small-columns-2 row-collapse\" >\n  <div class=\"gallery-col col\" data-animate=\"flipInY\">\n          <div class=\"col-inner\">\n            <a class=\"image-lightbox lightbox-gallery\" href=\"https:\/\/www.movesandflow.com\/wp-content\/uploads\/2021\/01\/shutterstock_689930140-1400x622.jpg\" title=\"\">            <div class=\"box has-hover gallery-box box-overlay dark\">\n              <div class=\"box-image image-cover\" style=\"padding-top:100%;\">\n                <img loading=\"lazy\" decoding=\"async\" width=\"800\" height=\"356\" src=\"https:\/\/www.movesandflow.com\/wp-content\/uploads\/2021\/01\/shutterstock_689930140-800x356.jpg\" class=\"attachment-medium size-medium\" alt=\"\" ids=\"6492,6491,6494,6493,6495\" col_spacing=\"collapse\" columns=\"1\" columns__sm=\"2\" animate=\"flipInY\" image_height=\"100%\" srcset=\"https:\/\/www.movesandflow.com\/wp-content\/uploads\/2021\/01\/shutterstock_689930140-800x356.jpg 800w, https:\/\/www.movesandflow.com\/wp-content\/uploads\/2021\/01\/shutterstock_689930140-1400x622.jpg 1400w, https:\/\/www.movesandflow.com\/wp-content\/uploads\/2021\/01\/shutterstock_689930140-768x341.jpg 768w, https:\/\/www.movesandflow.com\/wp-content\/uploads\/2021\/01\/shutterstock_689930140-1536x683.jpg 1536w, https:\/\/www.movesandflow.com\/wp-content\/uploads\/2021\/01\/shutterstock_689930140-2048x910.jpg 2048w, https:\/\/www.movesandflow.com\/wp-content\/uploads\/2021\/01\/shutterstock_689930140-510x227.jpg 510w\" sizes=\"auto, (max-width: 800px) 100vw, 800px\" \/>                                  <div class=\"overlay fill\"\n                      style=\"background-color: rgba(0,0,0,.15)\">\n                  <\/div>\n                                                              <\/div>\n              <div class=\"box-text text-left\" >\n                 <p><\/p>\n              <\/div>\n            <\/div>\n            <\/a>          <\/div>\n         <\/div><div class=\"gallery-col col\" data-animate=\"flipInY\">\n          <div class=\"col-inner\">\n            <a class=\"image-lightbox lightbox-gallery\" href=\"https:\/\/www.movesandflow.com\/wp-content\/uploads\/2021\/01\/shutterstock_1710550612-1199x800.jpg\" title=\"\">            <div class=\"box has-hover gallery-box box-overlay dark\">\n              <div class=\"box-image image-cover\" style=\"padding-top:100%;\">\n                <img loading=\"lazy\" decoding=\"async\" width=\"600\" height=\"400\" src=\"https:\/\/www.movesandflow.com\/wp-content\/uploads\/2021\/01\/shutterstock_1710550612-600x400.jpg\" class=\"attachment-medium size-medium\" alt=\"\" ids=\"6492,6491,6494,6493,6495\" col_spacing=\"collapse\" columns=\"1\" columns__sm=\"2\" animate=\"flipInY\" image_height=\"100%\" srcset=\"https:\/\/www.movesandflow.com\/wp-content\/uploads\/2021\/01\/shutterstock_1710550612-600x400.jpg 600w, https:\/\/www.movesandflow.com\/wp-content\/uploads\/2021\/01\/shutterstock_1710550612-1199x800.jpg 1199w, https:\/\/www.movesandflow.com\/wp-content\/uploads\/2021\/01\/shutterstock_1710550612-768x512.jpg 768w, https:\/\/www.movesandflow.com\/wp-content\/uploads\/2021\/01\/shutterstock_1710550612-1536x1025.jpg 1536w, https:\/\/www.movesandflow.com\/wp-content\/uploads\/2021\/01\/shutterstock_1710550612-2048x1366.jpg 2048w, https:\/\/www.movesandflow.com\/wp-content\/uploads\/2021\/01\/shutterstock_1710550612-510x340.jpg 510w\" sizes=\"auto, (max-width: 600px) 100vw, 600px\" \/>                                  <div class=\"overlay fill\"\n                      style=\"background-color: rgba(0,0,0,.15)\">\n                  <\/div>\n                                                              <\/div>\n              <div class=\"box-text text-left\" >\n                 <p><\/p>\n              <\/div>\n            <\/div>\n            <\/a>          <\/div>\n         <\/div><div class=\"gallery-col col\" data-animate=\"flipInY\">\n          <div class=\"col-inner\">\n            <a class=\"image-lightbox lightbox-gallery\" href=\"https:\/\/www.movesandflow.com\/wp-content\/uploads\/2021\/01\/shutterstock_1481306033-1200x800.jpg\" title=\"\">            <div class=\"box has-hover gallery-box box-overlay dark\">\n              <div class=\"box-image image-cover\" style=\"padding-top:100%;\">\n                <img loading=\"lazy\" decoding=\"async\" width=\"600\" height=\"400\" src=\"https:\/\/www.movesandflow.com\/wp-content\/uploads\/2021\/01\/shutterstock_1481306033-600x400.jpg\" class=\"attachment-medium size-medium\" alt=\"\" ids=\"6492,6491,6494,6493,6495\" col_spacing=\"collapse\" columns=\"1\" columns__sm=\"2\" animate=\"flipInY\" image_height=\"100%\" srcset=\"https:\/\/www.movesandflow.com\/wp-content\/uploads\/2021\/01\/shutterstock_1481306033-600x400.jpg 600w, https:\/\/www.movesandflow.com\/wp-content\/uploads\/2021\/01\/shutterstock_1481306033-1200x800.jpg 1200w, https:\/\/www.movesandflow.com\/wp-content\/uploads\/2021\/01\/shutterstock_1481306033-768x512.jpg 768w, https:\/\/www.movesandflow.com\/wp-content\/uploads\/2021\/01\/shutterstock_1481306033-1536x1024.jpg 1536w, https:\/\/www.movesandflow.com\/wp-content\/uploads\/2021\/01\/shutterstock_1481306033-2048x1365.jpg 2048w, https:\/\/www.movesandflow.com\/wp-content\/uploads\/2021\/01\/shutterstock_1481306033-510x340.jpg 510w\" sizes=\"auto, (max-width: 600px) 100vw, 600px\" \/>                                  <div class=\"overlay fill\"\n                      style=\"background-color: rgba(0,0,0,.15)\">\n                  <\/div>\n                                                              <\/div>\n              <div class=\"box-text text-left\" >\n                 <p><\/p>\n              <\/div>\n            <\/div>\n            <\/a>          <\/div>\n         <\/div><div class=\"gallery-col col\" data-animate=\"flipInY\">\n          <div class=\"col-inner\">\n            <a class=\"image-lightbox lightbox-gallery\" href=\"https:\/\/www.movesandflow.com\/wp-content\/uploads\/2021\/01\/shutterstock_1168430200-795x800.jpg\" title=\"\">            <div class=\"box has-hover gallery-box box-overlay dark\">\n              <div class=\"box-image image-cover\" style=\"padding-top:100%;\">\n                <img loading=\"lazy\" decoding=\"async\" width=\"397\" height=\"400\" src=\"https:\/\/www.movesandflow.com\/wp-content\/uploads\/2021\/01\/shutterstock_1168430200-397x400.jpg\" class=\"attachment-medium size-medium\" alt=\"\" ids=\"6492,6491,6494,6493,6495\" col_spacing=\"collapse\" columns=\"1\" columns__sm=\"2\" animate=\"flipInY\" image_height=\"100%\" srcset=\"https:\/\/www.movesandflow.com\/wp-content\/uploads\/2021\/01\/shutterstock_1168430200-397x400.jpg 397w, https:\/\/www.movesandflow.com\/wp-content\/uploads\/2021\/01\/shutterstock_1168430200-795x800.jpg 795w, https:\/\/www.movesandflow.com\/wp-content\/uploads\/2021\/01\/shutterstock_1168430200-768x773.jpg 768w, https:\/\/www.movesandflow.com\/wp-content\/uploads\/2021\/01\/shutterstock_1168430200-1526x1536.jpg 1526w, https:\/\/www.movesandflow.com\/wp-content\/uploads\/2021\/01\/shutterstock_1168430200-2035x2048.jpg 2035w, https:\/\/www.movesandflow.com\/wp-content\/uploads\/2021\/01\/shutterstock_1168430200-510x513.jpg 510w, https:\/\/www.movesandflow.com\/wp-content\/uploads\/2021\/01\/shutterstock_1168430200-100x100.jpg 100w\" sizes=\"auto, (max-width: 397px) 100vw, 397px\" \/>                                  <div class=\"overlay fill\"\n                      style=\"background-color: rgba(0,0,0,.15)\">\n                  <\/div>\n                                                              <\/div>\n              <div class=\"box-text text-left\" >\n                 <p><\/p>\n              <\/div>\n            <\/div>\n            <\/a>          <\/div>\n         <\/div><div class=\"gallery-col col\" data-animate=\"flipInY\">\n          <div class=\"col-inner\">\n            <a class=\"image-lightbox lightbox-gallery\" href=\"https:\/\/www.movesandflow.com\/wp-content\/uploads\/2021\/01\/shutterstock_1455947369-1200x800.jpg\" title=\"\">            <div class=\"box has-hover gallery-box box-overlay dark\">\n              <div class=\"box-image image-cover\" style=\"padding-top:100%;\">\n                <img loading=\"lazy\" decoding=\"async\" width=\"600\" height=\"400\" src=\"https:\/\/www.movesandflow.com\/wp-content\/uploads\/2021\/01\/shutterstock_1455947369-600x400.jpg\" class=\"attachment-medium size-medium\" alt=\"\" ids=\"6492,6491,6494,6493,6495\" col_spacing=\"collapse\" columns=\"1\" columns__sm=\"2\" animate=\"flipInY\" image_height=\"100%\" srcset=\"https:\/\/www.movesandflow.com\/wp-content\/uploads\/2021\/01\/shutterstock_1455947369-600x400.jpg 600w, https:\/\/www.movesandflow.com\/wp-content\/uploads\/2021\/01\/shutterstock_1455947369-1200x800.jpg 1200w, https:\/\/www.movesandflow.com\/wp-content\/uploads\/2021\/01\/shutterstock_1455947369-768x512.jpg 768w, https:\/\/www.movesandflow.com\/wp-content\/uploads\/2021\/01\/shutterstock_1455947369-1536x1024.jpg 1536w, https:\/\/www.movesandflow.com\/wp-content\/uploads\/2021\/01\/shutterstock_1455947369-2048x1365.jpg 2048w, https:\/\/www.movesandflow.com\/wp-content\/uploads\/2021\/01\/shutterstock_1455947369-510x340.jpg 510w\" sizes=\"auto, (max-width: 600px) 100vw, 600px\" \/>                                  <div class=\"overlay fill\"\n                      style=\"background-color: rgba(0,0,0,.15)\">\n                  <\/div>\n                                                              <\/div>\n              <div class=\"box-text text-left\" >\n                 <p><\/p>\n              <\/div>\n            <\/div>\n            <\/a>          <\/div>\n         <\/div><\/div>\n\n\n\t\t<\/div>\n\t\t\t\t\t<\/div>\n\n\t\n\n<\/div>","protected":false},"excerpt":{"rendered":"","protected":false},"author":1,"featured_media":0,"parent":0,"menu_order":0,"comment_status":"closed","ping_status":"closed","template":"","meta":{"footnotes":""},"class_list":["post-6497","page","type-page","status-publish","hentry"],"yoast_head":"<!-- This site is optimized with the Yoast SEO plugin v27.6 - https:\/\/yoast.com\/product\/yoast-seo-wordpress\/ -->\n<title>Shipping Policy - Moves&amp;Flow<\/title>\n<meta name=\"robots\" content=\"index, follow, max-snippet:-1, max-image-preview:large, max-video-preview:-1\" \/>\n<link rel=\"canonical\" href=\"https:\/\/www.movesandflow.com\/fr\/shipping-policy\/\" \/>\n<meta property=\"og:locale\" content=\"fr_FR\" \/>\n<meta property=\"og:type\" content=\"article\" \/>\n<meta property=\"og:title\" content=\"Shipping Policy - Moves&amp;Flow\" \/>\n<meta property=\"og:url\" content=\"https:\/\/www.movesandflow.com\/fr\/shipping-policy\/\" \/>\n<meta property=\"og:site_name\" content=\"Moves&amp;Flow\" \/>\n<meta property=\"article:publisher\" content=\"https:\/\/www.facebook.com\/MovesandFlow\/\" \/>\n<meta property=\"article:modified_time\" content=\"2021-07-29T21:03:17+00:00\" \/>\n<meta property=\"og:image\" content=\"https:\/\/www.movesandflow.com\/wp-content\/uploads\/2021\/04\/Instragram-Logo@3x.png\" \/>\n\t<meta property=\"og:image:width\" content=\"163\" \/>\n\t<meta property=\"og:image:height\" content=\"80\" \/>\n\t<meta property=\"og:image:type\" content=\"image\/png\" \/>\n<meta name=\"twitter:card\" content=\"summary_large_image\" \/>\n<meta name=\"twitter:label1\" content=\"Dur\u00e9e de lecture estim\u00e9e\" \/>\n\t<meta name=\"twitter:data1\" content=\"3 minutes\" \/>\n<script type=\"application\/ld+json\" class=\"yoast-schema-graph\">{\"@context\":\"https:\\\/\\\/schema.org\",\"@graph\":[{\"@type\":\"WebPage\",\"@id\":\"https:\\\/\\\/www.movesandflow.com\\\/shipping-policy\\\/\",\"url\":\"https:\\\/\\\/www.movesandflow.com\\\/shipping-policy\\\/\",\"name\":\"Shipping Policy - Moves&amp;Flow\",\"isPartOf\":{\"@id\":\"https:\\\/\\\/www.movesandflow.com\\\/#website\"},\"datePublished\":\"2021-01-10T19:34:13+00:00\",\"dateModified\":\"2021-07-29T21:03:17+00:00\",\"breadcrumb\":{\"@id\":\"https:\\\/\\\/www.movesandflow.com\\\/shipping-policy\\\/#breadcrumb\"},\"inLanguage\":\"fr-FR\",\"potentialAction\":[{\"@type\":\"ReadAction\",\"target\":[\"https:\\\/\\\/www.movesandflow.com\\\/shipping-policy\\\/\"]}]},{\"@type\":\"BreadcrumbList\",\"@id\":\"https:\\\/\\\/www.movesandflow.com\\\/shipping-policy\\\/#breadcrumb\",\"itemListElement\":[{\"@type\":\"ListItem\",\"position\":1,\"name\":\"Home\",\"item\":\"https:\\\/\\\/www.movesandflow.com\\\/\"},{\"@type\":\"ListItem\",\"position\":2,\"name\":\"Shipping Policy\"}]},{\"@type\":\"WebSite\",\"@id\":\"https:\\\/\\\/www.movesandflow.com\\\/#website\",\"url\":\"https:\\\/\\\/www.movesandflow.com\\\/\",\"name\":\"Moves&Flow\",\"description\":\"Move mountains, flow like water\",\"publisher\":{\"@id\":\"https:\\\/\\\/www.movesandflow.com\\\/#organization\"},\"potentialAction\":[{\"@type\":\"SearchAction\",\"target\":{\"@type\":\"EntryPoint\",\"urlTemplate\":\"https:\\\/\\\/www.movesandflow.com\\\/?s={search_term_string}\"},\"query-input\":{\"@type\":\"PropertyValueSpecification\",\"valueRequired\":true,\"valueName\":\"search_term_string\"}}],\"inLanguage\":\"fr-FR\"},{\"@type\":\"Organization\",\"@id\":\"https:\\\/\\\/www.movesandflow.com\\\/#organization\",\"name\":\"Moves&Flow\",\"url\":\"https:\\\/\\\/www.movesandflow.com\\\/\",\"logo\":{\"@type\":\"ImageObject\",\"inLanguage\":\"fr-FR\",\"@id\":\"https:\\\/\\\/www.movesandflow.com\\\/#\\\/schema\\\/logo\\\/image\\\/\",\"url\":\"https:\\\/\\\/www.movesandflow.com\\\/wp-content\\\/uploads\\\/2021\\\/06\\\/cropped-App-button-3@4x-1.png\",\"contentUrl\":\"https:\\\/\\\/www.movesandflow.com\\\/wp-content\\\/uploads\\\/2021\\\/06\\\/cropped-App-button-3@4x-1.png\",\"width\":1592,\"height\":1326,\"caption\":\"Moves&Flow\"},\"image\":{\"@id\":\"https:\\\/\\\/www.movesandflow.com\\\/#\\\/schema\\\/logo\\\/image\\\/\"},\"sameAs\":[\"https:\\\/\\\/www.facebook.com\\\/MovesandFlow\\\/\",\"https:\\\/\\\/www.instagram.com\\\/movesnflow\\\/\",\"https:\\\/\\\/www.pinterest.ca\\\/MovesandFlow\\\/\"]}]}<\/script>\n<!-- \/ Yoast SEO plugin. -->","yoast_head_json":{"title":"Shipping Policy - Moves&amp;Flow","robots":{"index":"index","follow":"follow","max-snippet":"max-snippet:-1","max-image-preview":"max-image-preview:large","max-video-preview":"max-video-preview:-1"},"canonical":"https:\/\/www.movesandflow.com\/fr\/shipping-policy\/","og_locale":"fr_FR","og_type":"article","og_title":"Shipping Policy - Moves&amp;Flow","og_url":"https:\/\/www.movesandflow.com\/fr\/shipping-policy\/","og_site_name":"Moves&amp;Flow","article_publisher":"https:\/\/www.facebook.com\/MovesandFlow\/","article_modified_time":"2021-07-29T21:03:17+00:00","og_image":[{"width":163,"height":80,"url":"https:\/\/www.movesandflow.com\/wp-content\/uploads\/2021\/04\/Instragram-Logo@3x.png","type":"image\/png"}],"twitter_card":"summary_large_image","twitter_misc":{"Dur\u00e9e de lecture estim\u00e9e":"3 minutes"},"schema":{"@context":"https:\/\/schema.org","@graph":[{"@type":"WebPage","@id":"https:\/\/www.movesandflow.com\/shipping-policy\/","url":"https:\/\/www.movesandflow.com\/shipping-policy\/","name":"Shipping Policy - Moves&amp;Flow","isPartOf":{"@id":"https:\/\/www.movesandflow.com\/#website"},"datePublished":"2021-01-10T19:34:13+00:00","dateModified":"2021-07-29T21:03:17+00:00","breadcrumb":{"@id":"https:\/\/www.movesandflow.com\/shipping-policy\/#breadcrumb"},"inLanguage":"fr-FR","potentialAction":[{"@type":"ReadAction","target":["https:\/\/www.movesandflow.com\/shipping-policy\/"]}]},{"@type":"BreadcrumbList","@id":"https:\/\/www.movesandflow.com\/shipping-policy\/#breadcrumb","itemListElement":[{"@type":"ListItem","position":1,"name":"Home","item":"https:\/\/www.movesandflow.com\/"},{"@type":"ListItem","position":2,"name":"Shipping Policy"}]},{"@type":"WebSite","@id":"https:\/\/www.movesandflow.com\/#website","url":"https:\/\/www.movesandflow.com\/","name":"Mouvements et flux","description":"D\u00e9placer les montagnes, couler comme de l&#039;eau","publisher":{"@id":"https:\/\/www.movesandflow.com\/#organization"},"potentialAction":[{"@type":"SearchAction","target":{"@type":"EntryPoint","urlTemplate":"https:\/\/www.movesandflow.com\/?s={search_term_string}"},"query-input":{"@type":"PropertyValueSpecification","valueRequired":true,"valueName":"search_term_string"}}],"inLanguage":"fr-FR"},{"@type":"Organization","@id":"https:\/\/www.movesandflow.com\/#organization","name":"Mouvements et flux","url":"https:\/\/www.movesandflow.com\/","logo":{"@type":"ImageObject","inLanguage":"fr-FR","@id":"https:\/\/www.movesandflow.com\/#\/schema\/logo\/image\/","url":"https:\/\/www.movesandflow.com\/wp-content\/uploads\/2021\/06\/cropped-App-button-3@4x-1.png","contentUrl":"https:\/\/www.movesandflow.com\/wp-content\/uploads\/2021\/06\/cropped-App-button-3@4x-1.png","width":1592,"height":1326,"caption":"Moves&Flow"},"image":{"@id":"https:\/\/www.movesandflow.com\/#\/schema\/logo\/image\/"},"sameAs":["https:\/\/www.facebook.com\/MovesandFlow\/","https:\/\/www.instagram.com\/movesnflow\/","https:\/\/www.pinterest.ca\/MovesandFlow\/"]}]}},"jetpack_sharing_enabled":true,"_links":{"self":[{"href":"https:\/\/www.movesandflow.com\/fr\/wp-json\/wp\/v2\/pages\/6497","targetHints":{"allow":["GET"]}}],"collection":[{"href":"https:\/\/www.movesandflow.com\/fr\/wp-json\/wp\/v2\/pages"}],"about":[{"href":"https:\/\/www.movesandflow.com\/fr\/wp-json\/wp\/v2\/types\/page"}],"author":[{"embeddable":true,"href":"https:\/\/www.movesandflow.com\/fr\/wp-json\/wp\/v2\/users\/1"}],"replies":[{"embeddable":true,"href":"https:\/\/www.movesandflow.com\/fr\/wp-json\/wp\/v2\/comments?post=6497"}],"version-history":[{"count":23,"href":"https:\/\/www.movesandflow.com\/fr\/wp-json\/wp\/v2\/pages\/6497\/revisions"}],"predecessor-version":[{"id":12770,"href":"https:\/\/www.movesandflow.com\/fr\/wp-json\/wp\/v2\/pages\/6497\/revisions\/12770"}],"wp:attachment":[{"href":"https:\/\/www.movesandflow.com\/fr\/wp-json\/wp\/v2\/media?parent=6497"}],"curies":[{"name":"wp","href":"https:\/\/api.w.org\/{rel}","templated":true}]}}